{"id":2802,"date":"2022-03-28T09:43:20","date_gmt":"2022-03-28T09:43:20","guid":{"rendered":"https:\/\/www.dasty.com\/prodotto\/dasty-spot-remover-greasy-coloured-stains\/"},"modified":"2026-03-26T15:32:26","modified_gmt":"2026-03-26T15:32:26","slug":"dasty-spot-remover-greasy-coloured-stains-2","status":"publish","type":"product","link":"https:\/\/dasty.com\/fr-be\/prodotto\/dasty-spot-remover-greasy-coloured-stains-2\/","title":{"rendered":"Dasty Stain Remover"},"content":{"rendered":"","protected":false},"excerpt":{"rendered":"<h4>Qu&rsquo;est-ce que<\/h4>\n<p>DASTY D\u00c9TACHANT DEGREASING ACTION est le pr\u00e9-traitement id\u00e9al pour venir \u00e0 bout des taches difficiles. Adapt\u00e9 aux taches grasses (lait, beurre, huile, friture, chocolat, rouge \u00e0 l\u00e8vres) et color\u00e9es (feutres, stylo bille etc.), il est imbattable sur les salissures d\u00e9pos\u00e9es sur les cols, poignets et chaussettes. Il agit \u00e9galement sur les taches s\u00e8ches.<\/p>\n<p>DASTY D\u00c9TACHANT ACTIVE OXYGEN permet d&rsquo;\u00e9liminer, en plus des taches, les mauvaises odeurs. Il ne contient pas de chlore et garantit donc un nettoyage en toute s\u00e9curit\u00e9 respectant toutes les couleurs et tous les tissus. Il est id\u00e9al pour \u00e9liminer les taches de sueur et\/ou de d\u00e9odorant, le vin, le caf\u00e9, le th\u00e9, les fruits, la rouille, les sauces, le sang, l&rsquo;urine et les selles.<\/p>\n<p>DASTY D\u00c9TACHANT AVEC ENZYMES \u00e9limine efficacement, avant le lavage, toutes les taches enzymatiques car il les p\u00e9n\u00e8tre et les brise en les d\u00e9tachant du tissu. Il est id\u00e9al pour \u00e9liminer les taches de sang, d&rsquo;\u0153uf, de lait, de chocolat, d&rsquo;herbe\u00a0; respecte les tissus car il permet un lavage \u00e0 basse temp\u00e9rature.<\/p>\n<h4>Comment utiliser<\/h4>\n<p>Avant le lavage, vaporisez le produit directement sur les taches. Laissez agir une minute (sans laisser s\u00e9cher), ne pas rincer et lavez avec la lessive habituelle en machine \u00e0 laver \u00e0 temp\u00e9rature moyenne-\u00e9lev\u00e9e ou \u00e0 la main dans de l&rsquo;eau chaude. Pour les taches particuli\u00e8rement tenaces, frottez le tissu. [&#8230;]<\/p>\n<p><a class=\"btn btn-secondary understrap-read-more-link\" href=\"https:\/\/dasty.com\/fr-be\/prodotto\/dasty-spot-remover-greasy-coloured-stains-2\/\">Read More&#8230;<\/a><\/p>\n","protected":false},"featured_media":9608,"comment_status":"open","ping_status":"closed","template":"","meta":[],"product_cat":[457,473],"product_tag":[],"class_list":["post-2802","product","type-product","status-publish","has-post-thumbnail","hentry","product_cat-tous-les-produits-fr-be","product_cat-entretien-du-linge-fr-be"],"_links":{"self":[{"href":"https:\/\/dasty.com\/fr-be\/wp-json\/wp\/v2\/product\/2802","targetHints":{"allow":["GET"]}}],"collection":[{"href":"https:\/\/dasty.com\/fr-be\/wp-json\/wp\/v2\/product"}],"about":[{"href":"https:\/\/dasty.com\/fr-be\/wp-json\/wp\/v2\/types\/product"}],"replies":[{"embeddable":true,"href":"https:\/\/dasty.com\/fr-be\/wp-json\/wp\/v2\/comments?post=2802"}],"wp:featuredmedia":[{"embeddable":true,"href":"https:\/\/dasty.com\/fr-be\/wp-json\/wp\/v2\/media\/9608"}],"wp:attachment":[{"href":"https:\/\/dasty.com\/fr-be\/wp-json\/wp\/v2\/media?parent=2802"}],"wp:term":[{"taxonomy":"product_cat","embeddable":true,"href":"https:\/\/dasty.com\/fr-be\/wp-json\/wp\/v2\/product_cat?post=2802"},{"taxonomy":"product_tag","embeddable":true,"href":"https:\/\/dasty.com\/fr-be\/wp-json\/wp\/v2\/product_tag?post=2802"}],"curies":[{"name":"wp","href":"https:\/\/api.w.org\/{rel}","templated":true}]}}