{"id":22796,"date":"2025-11-13T13:16:56","date_gmt":"2025-11-13T13:16:56","guid":{"rendered":"https:\/\/dasty.com\/?post_type=product&#038;p=22796"},"modified":"2025-11-13T13:36:29","modified_gmt":"2025-11-13T13:36:29","slug":"dasty-multisurface-glass-3x-refill-pack","status":"publish","type":"product","link":"https:\/\/dasty.com\/fr-be\/prodotto\/dasty-multisurface-glass-3x-refill-pack\/","title":{"rendered":"Dasty Multisurface &#038; Glass 3X Refill Pack"},"content":{"rendered":"","protected":false},"excerpt":{"rendered":"<h4>Ce qu&rsquo;il contient<\/h4>\n<p>3 tampons en microfibre r\u00e9utilisables\/lavables con\u00e7us pour s\u2019adapter au support du kit Dasty multisurfaces &amp; nettoyant vitres*. Fixez le tampon au support, vaporisez l\u00e9g\u00e8rement la surface avec Dasty Multisurface &amp; Vitres, puis nettoyez en effectuant de larges mouvements. Id\u00e9al pour le nettoyage quotidien. Pour la salet\u00e9 tenace ou incrust\u00e9e, nettoyez la zone au pr\u00e9alable. *Support vendu s\u00e9par\u00e9ment. [&#8230;]<\/p>\n<p><a class=\"btn btn-secondary understrap-read-more-link\" href=\"https:\/\/dasty.com\/fr-be\/prodotto\/dasty-multisurface-glass-3x-refill-pack\/\">Read More&#8230;<\/a><\/p>\n","protected":false},"featured_media":22840,"comment_status":"open","ping_status":"closed","template":"","meta":[],"product_cat":[457,461,465,469],"product_tag":[],"class_list":["post-22796","product","type-product","status-publish","has-post-thumbnail","hentry","product_cat-tous-les-produits-fr-be","product_cat-entretien-interieur-de-la-maison-fr-be","product_cat-entretien-exterieur-de-la-maison-fr-be","product_cat-temps-de-loisir-fr-be"],"_links":{"self":[{"href":"https:\/\/dasty.com\/fr-be\/wp-json\/wp\/v2\/product\/22796","targetHints":{"allow":["GET"]}}],"collection":[{"href":"https:\/\/dasty.com\/fr-be\/wp-json\/wp\/v2\/product"}],"about":[{"href":"https:\/\/dasty.com\/fr-be\/wp-json\/wp\/v2\/types\/product"}],"replies":[{"embeddable":true,"href":"https:\/\/dasty.com\/fr-be\/wp-json\/wp\/v2\/comments?post=22796"}],"wp:featuredmedia":[{"embeddable":true,"href":"https:\/\/dasty.com\/fr-be\/wp-json\/wp\/v2\/media\/22840"}],"wp:attachment":[{"href":"https:\/\/dasty.com\/fr-be\/wp-json\/wp\/v2\/media?parent=22796"}],"wp:term":[{"taxonomy":"product_cat","embeddable":true,"href":"https:\/\/dasty.com\/fr-be\/wp-json\/wp\/v2\/product_cat?post=22796"},{"taxonomy":"product_tag","embeddable":true,"href":"https:\/\/dasty.com\/fr-be\/wp-json\/wp\/v2\/product_tag?post=22796"}],"curies":[{"name":"wp","href":"https:\/\/api.w.org\/{rel}","templated":true}]}}