{"id":10522,"date":"2025-05-26T14:55:09","date_gmt":"2025-05-26T14:55:09","guid":{"rendered":"https:\/\/www.dasty.com\/?post_type=product&#038;p=10522"},"modified":"2025-05-26T15:19:14","modified_gmt":"2025-05-26T15:19:14","slug":"laundry-scent-booster","status":"publish","type":"product","link":"https:\/\/dasty.com\/fr-be\/prodotto\/laundry-scent-booster\/","title":{"rendered":"Dasty Laundry Scent Booster"},"content":{"rendered":"","protected":false},"excerpt":{"rendered":"<h4>Qu&rsquo;est-ce que<\/h4>\n<p>Dasty Laundry Scent Booster est un concentr\u00e9 de parfum d\u00e9di\u00e9 \u00e0 votre linge qui perdure longtemps dans votre garde-robe. Dasty Laundry Scent Booster: un vrai Cosm\u00e9tique pour votre Linge.<\/p>\n<h4>Utilisation<\/h4>\n<p>MACHINE \u00c0 LAVER (4\/5kg) : verser un bouchon (9ml) dans le tiroir \u00e0 assouplissant<\/p>\n<p>\u00c0 LA MAIN: verser un bouchon (9ml) dans 10 litres d&rsquo;eau avant de faire tremper les v\u00eatements<\/p>\n<p>S\u00c8CHE-LINGE: verser un bouchon (9ml) sur un petit chiffon en coton et le placer dans le s\u00e8che-linge. Augmenter la dose en fonction de l&rsquo;intensit\u00e9 du parfum d\u00e9sir\u00e9 [&#8230;]<\/p>\n<p><a class=\"btn btn-secondary understrap-read-more-link\" href=\"https:\/\/dasty.com\/fr-be\/prodotto\/laundry-scent-booster\/\">Read More&#8230;<\/a><\/p>\n","protected":false},"featured_media":10538,"comment_status":"open","ping_status":"closed","template":"","meta":[],"product_cat":[473,457],"product_tag":[],"class_list":["post-10522","product","type-product","status-publish","has-post-thumbnail","hentry","product_cat-entretien-du-linge-fr-be","product_cat-tous-les-produits-fr-be"],"_links":{"self":[{"href":"https:\/\/dasty.com\/fr-be\/wp-json\/wp\/v2\/product\/10522","targetHints":{"allow":["GET"]}}],"collection":[{"href":"https:\/\/dasty.com\/fr-be\/wp-json\/wp\/v2\/product"}],"about":[{"href":"https:\/\/dasty.com\/fr-be\/wp-json\/wp\/v2\/types\/product"}],"replies":[{"embeddable":true,"href":"https:\/\/dasty.com\/fr-be\/wp-json\/wp\/v2\/comments?post=10522"}],"wp:featuredmedia":[{"embeddable":true,"href":"https:\/\/dasty.com\/fr-be\/wp-json\/wp\/v2\/media\/10538"}],"wp:attachment":[{"href":"https:\/\/dasty.com\/fr-be\/wp-json\/wp\/v2\/media?parent=10522"}],"wp:term":[{"taxonomy":"product_cat","embeddable":true,"href":"https:\/\/dasty.com\/fr-be\/wp-json\/wp\/v2\/product_cat?post=10522"},{"taxonomy":"product_tag","embeddable":true,"href":"https:\/\/dasty.com\/fr-be\/wp-json\/wp\/v2\/product_tag?post=10522"}],"curies":[{"name":"wp","href":"https:\/\/api.w.org\/{rel}","templated":true}]}}