{"id":10123,"date":"2025-04-14T12:21:12","date_gmt":"2025-04-14T12:21:12","guid":{"rendered":"https:\/\/www.dasty.com\/?post_type=product&#038;p=10123"},"modified":"2025-04-14T12:47:14","modified_gmt":"2025-04-14T12:47:14","slug":"shower-protector","status":"publish","type":"product","link":"https:\/\/dasty.com\/fr-be\/prodotto\/shower-protector\/","title":{"rendered":"Dasty Shower Protector"},"content":{"rendered":"","protected":false},"excerpt":{"rendered":"<h4>Qu&rsquo;est-ce que<\/h4>\n<p>Dasty Shower Protector cr\u00e9e un bouclier hydrofuge qui pr\u00e9vient les taches de calcaire et \u00e9vite le nettoyage constant des surfaces. Id\u00e9al pour le verre des cabines de douche, les carreaux, la robinetterie et l&rsquo;acier inoxydable.<\/p>\n<h4>Comment utiliser<\/h4>\n<p>Vaporiser la surface pr\u00e9alablement nettoy\u00e9e avec Dasty Anticalcaire Salle de Bains et essuyer de pr\u00e9f\u00e9rence avec un chiffon en microfibres jusqu&rsquo;\u00e0 s\u00e9chage complet, sans rincer. Ou vaporiser avant la douche sur toute la surface (pr\u00e9alablement nettoy\u00e9e) et \u00e0 la fin du rin\u00e7age de la douche. [&#8230;]<\/p>\n<p><a class=\"btn btn-secondary understrap-read-more-link\" href=\"https:\/\/dasty.com\/fr-be\/prodotto\/shower-protector\/\">Read More&#8230;<\/a><\/p>\n","protected":false},"featured_media":10155,"comment_status":"open","ping_status":"closed","template":"","meta":[],"product_cat":[457,461],"product_tag":[],"class_list":["post-10123","product","type-product","status-publish","has-post-thumbnail","hentry","product_cat-tous-les-produits-fr-be","product_cat-entretien-interieur-de-la-maison-fr-be"],"_links":{"self":[{"href":"https:\/\/dasty.com\/fr-be\/wp-json\/wp\/v2\/product\/10123","targetHints":{"allow":["GET"]}}],"collection":[{"href":"https:\/\/dasty.com\/fr-be\/wp-json\/wp\/v2\/product"}],"about":[{"href":"https:\/\/dasty.com\/fr-be\/wp-json\/wp\/v2\/types\/product"}],"replies":[{"embeddable":true,"href":"https:\/\/dasty.com\/fr-be\/wp-json\/wp\/v2\/comments?post=10123"}],"wp:featuredmedia":[{"embeddable":true,"href":"https:\/\/dasty.com\/fr-be\/wp-json\/wp\/v2\/media\/10155"}],"wp:attachment":[{"href":"https:\/\/dasty.com\/fr-be\/wp-json\/wp\/v2\/media?parent=10123"}],"wp:term":[{"taxonomy":"product_cat","embeddable":true,"href":"https:\/\/dasty.com\/fr-be\/wp-json\/wp\/v2\/product_cat?post=10123"},{"taxonomy":"product_tag","embeddable":true,"href":"https:\/\/dasty.com\/fr-be\/wp-json\/wp\/v2\/product_tag?post=10123"}],"curies":[{"name":"wp","href":"https:\/\/api.w.org\/{rel}","templated":true}]}}