{"id":8268,"date":"2024-08-20T08:34:21","date_gmt":"2024-08-20T08:34:21","guid":{"rendered":"https:\/\/www.dasty.com\/?post_type=product&#038;p=8268"},"modified":"2025-03-11T08:56:23","modified_gmt":"2025-03-11T08:56:23","slug":"dasty-bathroom-antikalk-copy-copy-copy","status":"publish","type":"product","link":"https:\/\/dasty.com\/de\/prodotto\/dasty-bathroom-antikalk-copy-copy-copy\/","title":{"rendered":"Dasty Aromadrops"},"content":{"rendered":"","protected":false},"excerpt":{"rendered":"<h4>Was ist es<\/h4>\n<p>Dasty AromaDrops entfernt unangenehme Ger\u00fcche und sorgt in jeder Umgebung f\u00fcr einen angenehmen und lang anhaltenden Duft. Bereits wenige Tropfen auf ein Objekt oder ein Wattepad sorgen daf\u00fcr, dass sich der Duft des Parf\u00fcms lange ausbreitet. Geeignet f\u00fcr Bad, Toilette, K\u00fcche, M\u00fclleimer, B\u00fcro, Flur, Konferenzraum, Autoinnenraum oder ins Wischwasser hinzuf\u00fcgen, auch als Duft in einem elektrischen Duftdiffusor und als Innenparf\u00fcm mit den klassischen Holzst\u00e4bchen verwendbar. Erh\u00e4ltlich in drei Varianten: Flower Vibes, Misty Forest &amp; Royal Incense. [&#8230;]<\/p>\n<p><a class=\"btn btn-secondary understrap-read-more-link\" href=\"https:\/\/dasty.com\/de\/prodotto\/dasty-bathroom-antikalk-copy-copy-copy\/\">Weiterlesen&#8230;<\/a><\/p>\n","protected":false},"featured_media":9958,"comment_status":"open","ping_status":"closed","template":"","meta":[],"product_cat":[458,462,466,474],"product_tag":[],"class_list":["post-8268","product","type-product","status-publish","has-post-thumbnail","hentry","product_cat-alles-produkt","product_cat-innenraumpflege","product_cat-pflege-der-aussenbereiche","product_cat-pflege-der-waesche"],"_links":{"self":[{"href":"https:\/\/dasty.com\/de\/wp-json\/wp\/v2\/product\/8268","targetHints":{"allow":["GET"]}}],"collection":[{"href":"https:\/\/dasty.com\/de\/wp-json\/wp\/v2\/product"}],"about":[{"href":"https:\/\/dasty.com\/de\/wp-json\/wp\/v2\/types\/product"}],"replies":[{"embeddable":true,"href":"https:\/\/dasty.com\/de\/wp-json\/wp\/v2\/comments?post=8268"}],"wp:featuredmedia":[{"embeddable":true,"href":"https:\/\/dasty.com\/de\/wp-json\/wp\/v2\/media\/9958"}],"wp:attachment":[{"href":"https:\/\/dasty.com\/de\/wp-json\/wp\/v2\/media?parent=8268"}],"wp:term":[{"taxonomy":"product_cat","embeddable":true,"href":"https:\/\/dasty.com\/de\/wp-json\/wp\/v2\/product_cat?post=8268"},{"taxonomy":"product_tag","embeddable":true,"href":"https:\/\/dasty.com\/de\/wp-json\/wp\/v2\/product_tag?post=8268"}],"curies":[{"name":"wp","href":"https:\/\/api.w.org\/{rel}","templated":true}]}}