{"id":6059,"date":"2023-04-04T12:13:07","date_gmt":"2023-04-04T12:13:07","guid":{"rendered":"https:\/\/www.dasty.com\/?post_type=product&#038;p=6059"},"modified":"2024-07-31T13:44:11","modified_gmt":"2024-07-31T13:44:11","slug":"dasty-drain-cleaner-copy-copy","status":"publish","type":"product","link":"https:\/\/dasty.com\/de\/prodotto\/dasty-drain-cleaner-copy-copy\/","title":{"rendered":"Dasty Descaler"},"content":{"rendered":"","protected":false},"excerpt":{"rendered":"<h4>Was ist es<\/h4>\n<p>DASTY ENTKALKER ist ein Produkt zur Beseitigung von Kalkablagerungen im Wassertank und in den Filtern. Es hinterl\u00e4sst keine R\u00fcckst\u00e4nde, greift keine Kunststoffteile an und ist ungiftig. Bei regelm\u00e4\u00dfiger Anwendung garantiert es eine l\u00e4ngere Lebensdauer von Haushaltsger\u00e4ten.<\/p>\n<h4>Wie zu verwenden<\/h4>\n<p>Wasserkocher: 75 ml (eine halbe Teetasse) in den Beh\u00e4lter gie\u00dfen, 5 Minuten einwirken lassen und mit Wasser auff\u00fcllen, bis 1\/2 Liter L\u00f6sung erreicht ist. 20 Minuten einwirken lassen. Aussp\u00fclen.<br \/>\nKaffeemaschinen: (1) 75 ml in den Tank gie\u00dfen und mit Wasser auff\u00fcllen, bis 1\/2 Liter L\u00f6sung erreicht ist. (2) 2 Tassen hei\u00dfes Wasser oder Dampf ausgeben. (3) 20 Minuten lang einwirken lassen.<br \/>\nDie Vorg\u00e4nge (2) und (3) wiederholen und den Tank entleeren. Anschlie\u00dfend waschen und aussp\u00fclen. [&#8230;]<\/p>\n<p><a class=\"btn btn-secondary understrap-read-more-link\" href=\"https:\/\/dasty.com\/de\/prodotto\/dasty-drain-cleaner-copy-copy\/\">Weiterlesen&#8230;<\/a><\/p>\n","protected":false},"featured_media":7132,"comment_status":"open","ping_status":"closed","template":"","meta":[],"product_cat":[458,462],"product_tag":[],"class_list":["post-6059","product","type-product","status-publish","has-post-thumbnail","hentry","product_cat-alles-produkt","product_cat-innenraumpflege"],"_links":{"self":[{"href":"https:\/\/dasty.com\/de\/wp-json\/wp\/v2\/product\/6059","targetHints":{"allow":["GET"]}}],"collection":[{"href":"https:\/\/dasty.com\/de\/wp-json\/wp\/v2\/product"}],"about":[{"href":"https:\/\/dasty.com\/de\/wp-json\/wp\/v2\/types\/product"}],"replies":[{"embeddable":true,"href":"https:\/\/dasty.com\/de\/wp-json\/wp\/v2\/comments?post=6059"}],"wp:featuredmedia":[{"embeddable":true,"href":"https:\/\/dasty.com\/de\/wp-json\/wp\/v2\/media\/7132"}],"wp:attachment":[{"href":"https:\/\/dasty.com\/de\/wp-json\/wp\/v2\/media?parent=6059"}],"wp:term":[{"taxonomy":"product_cat","embeddable":true,"href":"https:\/\/dasty.com\/de\/wp-json\/wp\/v2\/product_cat?post=6059"},{"taxonomy":"product_tag","embeddable":true,"href":"https:\/\/dasty.com\/de\/wp-json\/wp\/v2\/product_tag?post=6059"}],"curies":[{"name":"wp","href":"https:\/\/api.w.org\/{rel}","templated":true}]}}