{"id":5827,"date":"2023-04-03T12:22:46","date_gmt":"2023-04-03T12:22:46","guid":{"rendered":"https:\/\/www.dasty.com\/?post_type=product&#038;p=5827"},"modified":"2024-10-05T09:14:42","modified_gmt":"2024-10-05T09:14:42","slug":"dasty-drain-cleaner-copy","status":"publish","type":"product","link":"https:\/\/dasty.com\/de\/prodotto\/dasty-drain-cleaner-copy\/","title":{"rendered":"Dasty Super Polisher &#038; Renewer"},"content":{"rendered":"","protected":false},"excerpt":{"rendered":"<h4>Was ist es<\/h4>\n<p>DASTY SUPER POLISHER ist die wahre Sch\u00f6nheitspflege f\u00fcr alle Oberfl\u00e4chen in Ihrem Zuhause &#8211; und nicht nur f\u00fcr diese -, die dank einer Schutzschicht, welche die Oberfl\u00e4chen im Laufe der Zeit bewahrt, einen au\u00dfergew\u00f6hnlichen Glanz wiederherstellt. Es ist ideal f\u00fcr Holz, Kunststoff, Leder und Laminat und verstr\u00f6mt einen angenehmen und intensiven Duft.<\/p>\n<h4>Wie zu verwenden<\/h4>\n<p>Spr\u00fchen Sie das Produkt auf die zu behandelnde Oberfl\u00e4che und wischen Sie es mit einem weichen Tuch ab. Wiederholen Sie die Behandlung regelm\u00e4\u00dfig, um den Glanz des Ergebnisses auf Dauer zu erhalten.<\/p>\n<p><a href=\"https:\/\/www.youtube.com\/playlist?list=PLxcBoUFslG-1G76QGeED_vSs8i5HwLq5x\"><strong>TUTORIALS ANSEHEN<\/strong><\/a> [&#8230;]<\/p>\n<p><a class=\"btn btn-secondary understrap-read-more-link\" href=\"https:\/\/dasty.com\/de\/prodotto\/dasty-drain-cleaner-copy\/\">Weiterlesen&#8230;<\/a><\/p>\n","protected":false},"featured_media":6880,"comment_status":"open","ping_status":"closed","template":"","meta":[],"product_cat":[458,462,466,470],"product_tag":[],"class_list":["post-5827","product","type-product","status-publish","has-post-thumbnail","hentry","product_cat-alles-produkt","product_cat-innenraumpflege","product_cat-pflege-der-aussenbereiche","product_cat-diy"],"_links":{"self":[{"href":"https:\/\/dasty.com\/de\/wp-json\/wp\/v2\/product\/5827","targetHints":{"allow":["GET"]}}],"collection":[{"href":"https:\/\/dasty.com\/de\/wp-json\/wp\/v2\/product"}],"about":[{"href":"https:\/\/dasty.com\/de\/wp-json\/wp\/v2\/types\/product"}],"replies":[{"embeddable":true,"href":"https:\/\/dasty.com\/de\/wp-json\/wp\/v2\/comments?post=5827"}],"wp:featuredmedia":[{"embeddable":true,"href":"https:\/\/dasty.com\/de\/wp-json\/wp\/v2\/media\/6880"}],"wp:attachment":[{"href":"https:\/\/dasty.com\/de\/wp-json\/wp\/v2\/media?parent=5827"}],"wp:term":[{"taxonomy":"product_cat","embeddable":true,"href":"https:\/\/dasty.com\/de\/wp-json\/wp\/v2\/product_cat?post=5827"},{"taxonomy":"product_tag","embeddable":true,"href":"https:\/\/dasty.com\/de\/wp-json\/wp\/v2\/product_tag?post=5827"}],"curies":[{"name":"wp","href":"https:\/\/api.w.org\/{rel}","templated":true}]}}