{"id":5763,"date":"2023-04-03T09:30:54","date_gmt":"2023-04-03T09:30:54","guid":{"rendered":"https:\/\/www.dasty.com\/?post_type=product&#038;p=5763"},"modified":"2025-11-17T13:02:56","modified_gmt":"2025-11-17T13:02:56","slug":"dasty-dishwashing-express-copy","status":"publish","type":"product","link":"https:\/\/dasty.com\/de\/prodotto\/dasty-dishwashing-express-copy\/","title":{"rendered":"Dasty Drain Unblocker"},"content":{"rendered":"","protected":false},"excerpt":{"rendered":"<h4>Was ist es<\/h4>\n<p>DASTY Abflussreiniger beseitigt die hartn\u00e4ckigsten Verstopfungen und schlechten Ger\u00fcche, selbst bei stehendem Wasser. Sicher f\u00fcr Rohre, reinigt verstopfte Rohre und Abfl\u00fcsse.<\/p>\n<h4>Wie zu verwenden<\/h4>\n<p>Kappe nach unten dr\u00fccken und abschrauben. Der gesamte Flascheninhalts auch bei stehendem Wasser in das Abflussrohr gie\u00dfen. 15 Minuten wirken lassen. Warmes Wasser laufen lassen. Das Produkt regelm\u00e4\u00dfig verwenden, um den Abfluss frei zu halten, Verstopfungen vorzubeugen und schlechte Ger\u00fcche zu beseitigen. [&#8230;]<\/p>\n<p><a class=\"btn btn-secondary understrap-read-more-link\" href=\"https:\/\/dasty.com\/de\/prodotto\/dasty-dishwashing-express-copy\/\">Weiterlesen&#8230;<\/a><\/p>\n","protected":false},"featured_media":22912,"comment_status":"open","ping_status":"closed","template":"","meta":[],"product_cat":[458,462],"product_tag":[],"class_list":["post-5763","product","type-product","status-publish","has-post-thumbnail","hentry","product_cat-alles-produkt","product_cat-innenraumpflege"],"_links":{"self":[{"href":"https:\/\/dasty.com\/de\/wp-json\/wp\/v2\/product\/5763","targetHints":{"allow":["GET"]}}],"collection":[{"href":"https:\/\/dasty.com\/de\/wp-json\/wp\/v2\/product"}],"about":[{"href":"https:\/\/dasty.com\/de\/wp-json\/wp\/v2\/types\/product"}],"replies":[{"embeddable":true,"href":"https:\/\/dasty.com\/de\/wp-json\/wp\/v2\/comments?post=5763"}],"wp:featuredmedia":[{"embeddable":true,"href":"https:\/\/dasty.com\/de\/wp-json\/wp\/v2\/media\/22912"}],"wp:attachment":[{"href":"https:\/\/dasty.com\/de\/wp-json\/wp\/v2\/media?parent=5763"}],"wp:term":[{"taxonomy":"product_cat","embeddable":true,"href":"https:\/\/dasty.com\/de\/wp-json\/wp\/v2\/product_cat?post=5763"},{"taxonomy":"product_tag","embeddable":true,"href":"https:\/\/dasty.com\/de\/wp-json\/wp\/v2\/product_tag?post=5763"}],"curies":[{"name":"wp","href":"https:\/\/api.w.org\/{rel}","templated":true}]}}