{"id":5648,"date":"2023-03-16T11:02:40","date_gmt":"2023-03-16T11:02:40","guid":{"rendered":"https:\/\/www.dasty.com\/?post_type=product&#038;p=5648"},"modified":"2024-07-31T13:04:35","modified_gmt":"2024-07-31T13:04:35","slug":"dasty-dishwashing-degreaser-copy","status":"publish","type":"product","link":"https:\/\/dasty.com\/de\/prodotto\/dasty-dishwashing-degreaser-copy\/","title":{"rendered":"Dasty Express Dishwashing"},"content":{"rendered":"","protected":false},"excerpt":{"rendered":"<h4>Was ist es<\/h4>\n<p>DASTY EXPRESS DISHWASHING ist schnell und einfach anzuwenden: einmal aufspr\u00fchen und fertig! Ideal, wenn Sie ein wenig Abwasch machen m\u00fcssen, so sparen Sie Zeit und Energie! Der leichte Schaum ist sehr effektiv bei fettigem Schmutz, l\u00e4sst sich aber gleichzeitig leicht absp\u00fclen. Es verbreitet einen fantastischen Limettenduft im Raum und sch\u00e4digt die H\u00e4nde nicht dank der sorgf\u00e4ltig ausgew\u00e4hlten Rohstoffe.<\/p>\n<h4>Wie zu verwenden<\/h4>\n<p>Das Produkt direkt auf das zu waschende Geschirr spr\u00fchen, mit einem Schwamm reinigen und absp\u00fclen. [&#8230;]<\/p>\n<p><a class=\"btn btn-secondary understrap-read-more-link\" href=\"https:\/\/dasty.com\/de\/prodotto\/dasty-dishwashing-degreaser-copy\/\">Weiterlesen&#8230;<\/a><\/p>\n","protected":false},"featured_media":7124,"comment_status":"open","ping_status":"closed","template":"","meta":[],"product_cat":[458,462],"product_tag":[],"class_list":["post-5648","product","type-product","status-publish","has-post-thumbnail","hentry","product_cat-alles-produkt","product_cat-innenraumpflege"],"_links":{"self":[{"href":"https:\/\/dasty.com\/de\/wp-json\/wp\/v2\/product\/5648","targetHints":{"allow":["GET"]}}],"collection":[{"href":"https:\/\/dasty.com\/de\/wp-json\/wp\/v2\/product"}],"about":[{"href":"https:\/\/dasty.com\/de\/wp-json\/wp\/v2\/types\/product"}],"replies":[{"embeddable":true,"href":"https:\/\/dasty.com\/de\/wp-json\/wp\/v2\/comments?post=5648"}],"wp:featuredmedia":[{"embeddable":true,"href":"https:\/\/dasty.com\/de\/wp-json\/wp\/v2\/media\/7124"}],"wp:attachment":[{"href":"https:\/\/dasty.com\/de\/wp-json\/wp\/v2\/media?parent=5648"}],"wp:term":[{"taxonomy":"product_cat","embeddable":true,"href":"https:\/\/dasty.com\/de\/wp-json\/wp\/v2\/product_cat?post=5648"},{"taxonomy":"product_tag","embeddable":true,"href":"https:\/\/dasty.com\/de\/wp-json\/wp\/v2\/product_tag?post=5648"}],"curies":[{"name":"wp","href":"https:\/\/api.w.org\/{rel}","templated":true}]}}