{"id":3324,"date":"2021-12-09T10:53:53","date_gmt":"2021-12-09T10:53:53","guid":{"rendered":"https:\/\/www.dasty.com\/prodotto\/dasty-super-antikalk\/"},"modified":"2024-10-05T09:32:03","modified_gmt":"2024-10-05T09:32:03","slug":"dasty-super-antikalk-2","status":"publish","type":"product","link":"https:\/\/dasty.com\/de\/prodotto\/dasty-super-antikalk-2\/","title":{"rendered":"Dasty Bathroom Antikalk"},"content":{"rendered":"","protected":false},"excerpt":{"rendered":"<h4>Was ist es<\/h4>\n<p>DASTY BATHROOM ANTIKALK entfernt Kalkstein von allen Armaturen im Bad und in der Sp\u00fcle. Es ist wirksam und sanft, sanft zu Chrom und beseitigt auch Rost. Sein intensiver Duft hinterl\u00e4sst ein herrliches Gef\u00fchl der Sauberkeit, die lange anh\u00e4lt. Bei t\u00e4glicher Anwendung, auch in der Duschkabine, verhindert es Kalksteinbildung und l\u00e4sst die Oberfl\u00e4che gl\u00e4nzen.<\/p>\n<h4>Wie zu verwenden<\/h4>\n<p>Aufspr\u00fchen, mit einem Schwamm abwischen und ein paar Sekunden einwirken lassen. Gr\u00fcndlich mit Wasser absp\u00fclen.<\/p>\n<p><strong><a href=\"https:\/\/www.youtube.com\/playlist?list=PLxcBoUFslG-2Msg2LTxIB8idcrOuWifdC\">TUTORIALS ANSEHEN<\/a><\/strong> [&#8230;]<\/p>\n<p><a class=\"btn btn-secondary understrap-read-more-link\" href=\"https:\/\/dasty.com\/de\/prodotto\/dasty-super-antikalk-2\/\">Weiterlesen&#8230;<\/a><\/p>\n","protected":false},"featured_media":7116,"comment_status":"open","ping_status":"closed","template":"","meta":[],"product_cat":[458,462,466],"product_tag":[],"class_list":["post-3324","product","type-product","status-publish","has-post-thumbnail","hentry","product_cat-alles-produkt","product_cat-innenraumpflege","product_cat-pflege-der-aussenbereiche"],"_links":{"self":[{"href":"https:\/\/dasty.com\/de\/wp-json\/wp\/v2\/product\/3324","targetHints":{"allow":["GET"]}}],"collection":[{"href":"https:\/\/dasty.com\/de\/wp-json\/wp\/v2\/product"}],"about":[{"href":"https:\/\/dasty.com\/de\/wp-json\/wp\/v2\/types\/product"}],"replies":[{"embeddable":true,"href":"https:\/\/dasty.com\/de\/wp-json\/wp\/v2\/comments?post=3324"}],"wp:featuredmedia":[{"embeddable":true,"href":"https:\/\/dasty.com\/de\/wp-json\/wp\/v2\/media\/7116"}],"wp:attachment":[{"href":"https:\/\/dasty.com\/de\/wp-json\/wp\/v2\/media?parent=3324"}],"wp:term":[{"taxonomy":"product_cat","embeddable":true,"href":"https:\/\/dasty.com\/de\/wp-json\/wp\/v2\/product_cat?post=3324"},{"taxonomy":"product_tag","embeddable":true,"href":"https:\/\/dasty.com\/de\/wp-json\/wp\/v2\/product_tag?post=3324"}],"curies":[{"name":"wp","href":"https:\/\/api.w.org\/{rel}","templated":true}]}}