{"id":3309,"date":"2022-01-17T13:43:04","date_gmt":"2022-01-17T13:43:04","guid":{"rendered":"https:\/\/www.dasty.com\/prodotto\/dasty-bathroom-deo-care\/"},"modified":"2024-10-05T09:26:37","modified_gmt":"2024-10-05T09:26:37","slug":"dasty-bathroom-deo-care-2-2","status":"publish","type":"product","link":"https:\/\/dasty.com\/de\/prodotto\/dasty-bathroom-deo-care-2-2\/","title":{"rendered":"Dasty Bathroom | Deo &#038; Clean"},"content":{"rendered":"","protected":false},"excerpt":{"rendered":"<h4>Was ist es<\/h4>\n<p>DASTY BATHROOM DEO &amp; CLEAN ist ein stark duftender Reiniger f\u00fcr alle Oberfl\u00e4chen im Badezimmer. Dank seiner innovativen, s\u00e4urefreien Formel kann er bedenkenlos auf Marmorfl\u00e4chen verwendet werden. Entfernt alle Schmutzr\u00fcckst\u00e4nde und hat eine sanfte Desinfektionswirkung. Ideal f\u00fcr den t\u00e4glichen Gebrauch. Es hinterl\u00e4sst ein herrliches Gef\u00fchl von echter Sauberkeit, die lange anh\u00e4lt.<\/p>\n<h4>Wie zu verwenden<\/h4>\n<p>Direkt auf die Oberfl\u00e4che aufspr\u00fchen und mit einem feuchten Tuch oder Schwamm abwischen. Bei besonders hartn\u00e4ckigem und schwer zu entfernendem Schmutz einige Minuten einwirken lassen, dann absp\u00fclen. Zur Desodorierung direkt in die WC-Sch\u00fcssel spr\u00fchen.<\/p>\n<p><a href=\"https:\/\/www.youtube.com\/watch?v=TsHC2L7FZ4o&amp;list=PLxcBoUFslG-2X7bl7K3zLLGczNHV3qByZ\"><strong>TUTORIALS ANSEHEN<\/strong><\/a> [&#8230;]<\/p>\n<p><a class=\"btn btn-secondary understrap-read-more-link\" href=\"https:\/\/dasty.com\/de\/prodotto\/dasty-bathroom-deo-care-2-2\/\">Weiterlesen&#8230;<\/a><\/p>\n","protected":false},"featured_media":7084,"comment_status":"open","ping_status":"closed","template":"","meta":[],"product_cat":[458,462],"product_tag":[],"class_list":["post-3309","product","type-product","status-publish","has-post-thumbnail","hentry","product_cat-alles-produkt","product_cat-innenraumpflege"],"_links":{"self":[{"href":"https:\/\/dasty.com\/de\/wp-json\/wp\/v2\/product\/3309","targetHints":{"allow":["GET"]}}],"collection":[{"href":"https:\/\/dasty.com\/de\/wp-json\/wp\/v2\/product"}],"about":[{"href":"https:\/\/dasty.com\/de\/wp-json\/wp\/v2\/types\/product"}],"replies":[{"embeddable":true,"href":"https:\/\/dasty.com\/de\/wp-json\/wp\/v2\/comments?post=3309"}],"wp:featuredmedia":[{"embeddable":true,"href":"https:\/\/dasty.com\/de\/wp-json\/wp\/v2\/media\/7084"}],"wp:attachment":[{"href":"https:\/\/dasty.com\/de\/wp-json\/wp\/v2\/media?parent=3309"}],"wp:term":[{"taxonomy":"product_cat","embeddable":true,"href":"https:\/\/dasty.com\/de\/wp-json\/wp\/v2\/product_cat?post=3309"},{"taxonomy":"product_tag","embeddable":true,"href":"https:\/\/dasty.com\/de\/wp-json\/wp\/v2\/product_tag?post=3309"}],"curies":[{"name":"wp","href":"https:\/\/api.w.org\/{rel}","templated":true}]}}