{"id":3304,"date":"2022-01-17T13:47:09","date_gmt":"2022-01-17T13:47:09","guid":{"rendered":"https:\/\/www.dasty.com\/prodotto\/stainless-steel-induction-hobs\/"},"modified":"2024-07-31T12:49:23","modified_gmt":"2024-07-31T12:49:23","slug":"stainless-steel-induction-hobs","status":"publish","type":"product","link":"https:\/\/dasty.com\/de\/prodotto\/stainless-steel-induction-hobs\/","title":{"rendered":"Stainless Steel | &#038; Induction Hobs"},"content":{"rendered":"","protected":false},"excerpt":{"rendered":"<h4>Was ist es<\/h4>\n<p>DASTY STAINLESS STEEL &amp; INDUCTION HOBS ist ein revolution\u00e4res und innovatives Produkt, das zur Verk\u00fcrzung der Reinigungszeiten und zur Erzielung bester Ergebnisse entwickelt wurde. Es pflegt alle Edelstahloberfl\u00e4chen (Abzugshauben, K\u00fchlschr\u00e4nke, Sp\u00fclen, Beschichtungen, Arbeitsfl\u00e4chen, Armaturen, Aufz\u00fcge) und gibt ihnen ihren urspr\u00fcnglichen Glanz zur\u00fcck. Es ist ideal zur Reinigung von Induktionskochfeldern. Bei richtiger Anwendung ist KEIN NACHSP\u00dcLEN ERFORDERLICH.<\/p>\n<h4>Wie zu verwenden<\/h4>\n<p>Direkt auf die Oberfl\u00e4che spr\u00fchen und mit einem trockenen, weichen und sauberen Tuch (oder K\u00fcchenpapier) abwischen, bis es vollst\u00e4ndig trocken ist. NICHT mit Wasser oder einem feuchten Tuch absp\u00fclen. Etwaige Streifenbildung deutet darauf hin, dass die Oberfl\u00e4che noch nicht vollkommen sauber ist; Vorgang wiederholen. [&#8230;]<\/p>\n<p><a class=\"btn btn-secondary understrap-read-more-link\" href=\"https:\/\/dasty.com\/de\/prodotto\/stainless-steel-induction-hobs\/\">Weiterlesen&#8230;<\/a><\/p>\n","protected":false},"featured_media":7076,"comment_status":"open","ping_status":"closed","template":"","meta":[],"product_cat":[458,462,466,470],"product_tag":[],"class_list":["post-3304","product","type-product","status-publish","has-post-thumbnail","hentry","product_cat-alles-produkt","product_cat-innenraumpflege","product_cat-pflege-der-aussenbereiche","product_cat-diy"],"_links":{"self":[{"href":"https:\/\/dasty.com\/de\/wp-json\/wp\/v2\/product\/3304","targetHints":{"allow":["GET"]}}],"collection":[{"href":"https:\/\/dasty.com\/de\/wp-json\/wp\/v2\/product"}],"about":[{"href":"https:\/\/dasty.com\/de\/wp-json\/wp\/v2\/types\/product"}],"replies":[{"embeddable":true,"href":"https:\/\/dasty.com\/de\/wp-json\/wp\/v2\/comments?post=3304"}],"wp:featuredmedia":[{"embeddable":true,"href":"https:\/\/dasty.com\/de\/wp-json\/wp\/v2\/media\/7076"}],"wp:attachment":[{"href":"https:\/\/dasty.com\/de\/wp-json\/wp\/v2\/media?parent=3304"}],"wp:term":[{"taxonomy":"product_cat","embeddable":true,"href":"https:\/\/dasty.com\/de\/wp-json\/wp\/v2\/product_cat?post=3304"},{"taxonomy":"product_tag","embeddable":true,"href":"https:\/\/dasty.com\/de\/wp-json\/wp\/v2\/product_tag?post=3304"}],"curies":[{"name":"wp","href":"https:\/\/api.w.org\/{rel}","templated":true}]}}