{"id":3279,"date":"2022-01-17T15:16:34","date_gmt":"2022-01-17T15:16:34","guid":{"rendered":"https:\/\/www.dasty.com\/prodotto\/dasty-sgrassatore-classic\/"},"modified":"2024-10-15T14:37:47","modified_gmt":"2024-10-15T14:37:47","slug":"dasty-sgrassatore-classic-il-vero-100-usi-2","status":"publish","type":"product","link":"https:\/\/dasty.com\/de\/prodotto\/dasty-sgrassatore-classic-il-vero-100-usi-2\/","title":{"rendered":"Dasty Classic Degreaser"},"content":{"rendered":"","protected":false},"excerpt":{"rendered":"<h4>Was ist es<\/h4>\n<p>DASTY CLASSIC FETTL\u00d6SER, der Original- Universalentfetter, ist ideal zum Entfernen von hartn\u00e4ckigen Verschmutzungen inner- und au\u00dferhalb Ihres Hauses, in der Garage und im Garten: Back\u00f6fen, Kochfelder, Abzugshauben, Bratrost, Aufschnittmaschinen, Fu\u00dfb\u00f6den, Geschirr (Vorbehandlung), Turnschuhe, Motorr\u00e4der, Fahrr\u00e4der, Manschetten und Kragen (Vorbehandlung) und vieles mehr. Entdecken Sie die mehr als 100 Anwendungsm\u00f6glichkeiten auf unserer Website dastydegreaser.com<\/p>\n<h4>Wie zu verwenden<\/h4>\n<p>Bei hartn\u00e4ckigen Flecken max. 3 Minuten einwirken lassen, dann absp\u00fclen. Bei Back\u00f6fen: max. bei Temperaturen von 40-50\u00b0C verwenden. Abzugshaubenfilter und mechanische Teile: in einer Sch\u00fcssel zu 50 % verd\u00fcnnen, die zu reinigenden Teile eintauchen, max. 10 min einwirken lassen, dann absp\u00fclen. [&#8230;]<\/p>\n<p><a class=\"btn btn-secondary understrap-read-more-link\" href=\"https:\/\/dasty.com\/de\/prodotto\/dasty-sgrassatore-classic-il-vero-100-usi-2\/\">Weiterlesen&#8230;<\/a><\/p>\n","protected":false},"featured_media":7382,"comment_status":"open","ping_status":"closed","template":"","meta":[],"product_cat":[458,462,466,474],"product_tag":[],"class_list":["post-3279","product","type-product","status-publish","has-post-thumbnail","hentry","product_cat-alles-produkt","product_cat-innenraumpflege","product_cat-pflege-der-aussenbereiche","product_cat-pflege-der-waesche"],"_links":{"self":[{"href":"https:\/\/dasty.com\/de\/wp-json\/wp\/v2\/product\/3279","targetHints":{"allow":["GET"]}}],"collection":[{"href":"https:\/\/dasty.com\/de\/wp-json\/wp\/v2\/product"}],"about":[{"href":"https:\/\/dasty.com\/de\/wp-json\/wp\/v2\/types\/product"}],"replies":[{"embeddable":true,"href":"https:\/\/dasty.com\/de\/wp-json\/wp\/v2\/comments?post=3279"}],"wp:featuredmedia":[{"embeddable":true,"href":"https:\/\/dasty.com\/de\/wp-json\/wp\/v2\/media\/7382"}],"wp:attachment":[{"href":"https:\/\/dasty.com\/de\/wp-json\/wp\/v2\/media?parent=3279"}],"wp:term":[{"taxonomy":"product_cat","embeddable":true,"href":"https:\/\/dasty.com\/de\/wp-json\/wp\/v2\/product_cat?post=3279"},{"taxonomy":"product_tag","embeddable":true,"href":"https:\/\/dasty.com\/de\/wp-json\/wp\/v2\/product_tag?post=3279"}],"curies":[{"name":"wp","href":"https:\/\/api.w.org\/{rel}","templated":true}]}}