{"id":3254,"date":"2022-03-01T11:31:00","date_gmt":"2022-03-01T11:31:00","guid":{"rendered":"https:\/\/www.dasty.com\/prodotto\/dasty-power-degreaser\/"},"modified":"2024-10-05T09:21:09","modified_gmt":"2024-10-05T09:21:09","slug":"dasty-power-degreaser-2","status":"publish","type":"product","link":"https:\/\/dasty.com\/de\/prodotto\/dasty-power-degreaser-2\/","title":{"rendered":"Dasty Power Degreaser"},"content":{"rendered":"","protected":false},"excerpt":{"rendered":"<h4>Was ist es<\/h4>\n<p>DASTY POWER DEGREASER ist ein hochkonzentrierter, professioneller Entfetter zum Entfernen von \u00d6l und fettigem Schmutz auf allen mechanischen Teilen und gro\u00dfen Oberfl\u00e4chen. Unentbehrlich in Garagen und Werkst\u00e4tten f\u00fcr Autos, Motorr\u00e4der, Lastwagen, Boote, Wohnwagen und f\u00fcr alle Werkzeuge. Ein n\u00fctzlicher Helfer bei allen hartn\u00e4ckigen Verschmutzungen im h\u00e4uslichen Bereich, bei Gartenarbeit und beim Heimwerken.<\/p>\n<h4>Wie zu verwenden<\/h4>\n<p>Dasty Power Degreaser auf die zu reinigende Oberfl\u00e4che spr\u00fchen, h\u00f6chstens 3 Minuten einwirken lassen, dann absp\u00fclen. Bei mechanischen Teilen, Werkzeugen oder Filtern: Mittel in eine Sch\u00fcssel geben und h\u00f6chstens 10 Minuten einwirken lassen, dann absp\u00fclen.<\/p>\n<p><a href=\"https:\/\/www.youtube.com\/shorts\/JO76xPICwdI?feature=share&amp;cbrd=1\"><strong>TUTORIALS ANSEHEN<\/strong><\/a> [&#8230;]<\/p>\n<p><a class=\"btn btn-secondary understrap-read-more-link\" href=\"https:\/\/dasty.com\/de\/prodotto\/dasty-power-degreaser-2\/\">Weiterlesen&#8230;<\/a><\/p>\n","protected":false},"featured_media":7060,"comment_status":"open","ping_status":"closed","template":"","meta":[],"product_cat":[458,470],"product_tag":[],"class_list":["post-3254","product","type-product","status-publish","has-post-thumbnail","hentry","product_cat-alles-produkt","product_cat-diy"],"_links":{"self":[{"href":"https:\/\/dasty.com\/de\/wp-json\/wp\/v2\/product\/3254","targetHints":{"allow":["GET"]}}],"collection":[{"href":"https:\/\/dasty.com\/de\/wp-json\/wp\/v2\/product"}],"about":[{"href":"https:\/\/dasty.com\/de\/wp-json\/wp\/v2\/types\/product"}],"replies":[{"embeddable":true,"href":"https:\/\/dasty.com\/de\/wp-json\/wp\/v2\/comments?post=3254"}],"wp:featuredmedia":[{"embeddable":true,"href":"https:\/\/dasty.com\/de\/wp-json\/wp\/v2\/media\/7060"}],"wp:attachment":[{"href":"https:\/\/dasty.com\/de\/wp-json\/wp\/v2\/media?parent=3254"}],"wp:term":[{"taxonomy":"product_cat","embeddable":true,"href":"https:\/\/dasty.com\/de\/wp-json\/wp\/v2\/product_cat?post=3254"},{"taxonomy":"product_tag","embeddable":true,"href":"https:\/\/dasty.com\/de\/wp-json\/wp\/v2\/product_tag?post=3254"}],"curies":[{"name":"wp","href":"https:\/\/api.w.org\/{rel}","templated":true}]}}