{"id":3237,"date":"2022-03-09T08:50:46","date_gmt":"2022-03-09T08:50:46","guid":{"rendered":"https:\/\/www.dasty.com\/prodotto\/dasty-glass-multisurfaces-gold-edition\/"},"modified":"2024-07-31T12:54:43","modified_gmt":"2024-07-31T12:54:43","slug":"dasty-glass-multisurfaces-gold-edition-2","status":"publish","type":"product","link":"https:\/\/dasty.com\/de\/prodotto\/dasty-glass-multisurfaces-gold-edition-2\/","title":{"rendered":"Dasty MultiSurface &#038; Glass | Gold Vibe"},"content":{"rendered":"","protected":false},"excerpt":{"rendered":"<h4>Was ist es<\/h4>\n<p>DASTY MULTISURFACE &amp; GLASS ist ein stark duftendes Reinigungsmittel zur Reinigung von Glas, Fenstern, Spiegeln, Kristallen, Autoscheiben, Edelstahlfl\u00e4chen und allen abwaschbaren Oberfl\u00e4chen. Es bindet Staub effektiver als ein trockenes Tuch und beseitigt Flecken und Spuren auf allen Oberfl\u00e4chen. Er hinterl\u00e4sst keine Streifen. Es ist ideal f\u00fcr den t\u00e4glichen Gebrauch und hinterl\u00e4sst einen intensiven Duft in allen Umgebungen.<\/p>\n<h4>Wie zu verwenden<\/h4>\n<p>Aus ca. 20-25 cm Entfernung auf die zu reinigende Oberfl\u00e4che spr\u00fchen. Mit einem trockenen Tuch oder K\u00fcchenrolle abwischen. [&#8230;]<\/p>\n<p><a class=\"btn btn-secondary understrap-read-more-link\" href=\"https:\/\/dasty.com\/de\/prodotto\/dasty-glass-multisurfaces-gold-edition-2\/\">Weiterlesen&#8230;<\/a><\/p>\n","protected":false},"featured_media":7044,"comment_status":"open","ping_status":"closed","template":"","meta":[],"product_cat":[458,462,470],"product_tag":[],"class_list":["post-3237","product","type-product","status-publish","has-post-thumbnail","hentry","product_cat-alles-produkt","product_cat-innenraumpflege","product_cat-diy"],"_links":{"self":[{"href":"https:\/\/dasty.com\/de\/wp-json\/wp\/v2\/product\/3237","targetHints":{"allow":["GET"]}}],"collection":[{"href":"https:\/\/dasty.com\/de\/wp-json\/wp\/v2\/product"}],"about":[{"href":"https:\/\/dasty.com\/de\/wp-json\/wp\/v2\/types\/product"}],"replies":[{"embeddable":true,"href":"https:\/\/dasty.com\/de\/wp-json\/wp\/v2\/comments?post=3237"}],"wp:featuredmedia":[{"embeddable":true,"href":"https:\/\/dasty.com\/de\/wp-json\/wp\/v2\/media\/7044"}],"wp:attachment":[{"href":"https:\/\/dasty.com\/de\/wp-json\/wp\/v2\/media?parent=3237"}],"wp:term":[{"taxonomy":"product_cat","embeddable":true,"href":"https:\/\/dasty.com\/de\/wp-json\/wp\/v2\/product_cat?post=3237"},{"taxonomy":"product_tag","embeddable":true,"href":"https:\/\/dasty.com\/de\/wp-json\/wp\/v2\/product_tag?post=3237"}],"curies":[{"name":"wp","href":"https:\/\/api.w.org\/{rel}","templated":true}]}}