{"id":3235,"date":"2022-03-09T09:11:19","date_gmt":"2022-03-09T09:11:19","guid":{"rendered":"https:\/\/www.dasty.com\/prodotto\/dasty-multipurpose-cleaner-lavender\/"},"modified":"2022-06-28T10:27:18","modified_gmt":"2022-06-28T10:27:18","slug":"dasty-multipurpose-cleaner-lavender-2","status":"publish","type":"product","link":"https:\/\/dasty.com\/de\/prodotto\/dasty-multipurpose-cleaner-lavender-2\/","title":{"rendered":"Dasty Multipurpose Cleaner | Lavender"},"content":{"rendered":"","protected":false},"excerpt":{"rendered":"<h4>Was ist es<\/h4>\n<p>DASTY GEL MULTISURFACE CARE enth\u00e4lt ein spezielles Poliermittel, das bei t\u00e4glicher Anwendung den urspr\u00fcnglichen Glanz Ihrer B\u00f6den wiederherstellt, alle Arten von Schmutz entfernt und der Umgebung einen intensiven Duft verleiht. Ideal f\u00fcr alle Oberfl\u00e4chen, erh\u00e4ltlich in 3 angenehmen D\u00fcften. Dasty Gel Multi-Surface Care, eine echte Kosmetik f\u00fcr Ihr Zuhause.<\/p>\n<h4>Wie zu verwenden<\/h4>\n<p>3 Kappen in 5 Liter Wasser verd\u00fcnnen. Kein Sp\u00fclen erforderlich. [&#8230;]<\/p>\n<p><a class=\"btn btn-secondary understrap-read-more-link\" href=\"https:\/\/dasty.com\/de\/prodotto\/dasty-multipurpose-cleaner-lavender-2\/\">Weiterlesen&#8230;<\/a><\/p>\n","protected":false},"featured_media":2489,"comment_status":"open","ping_status":"closed","template":"","meta":[],"product_cat":[458,462],"product_tag":[],"class_list":["post-3235","product","type-product","status-publish","has-post-thumbnail","hentry","product_cat-alles-produkt","product_cat-innenraumpflege"],"_links":{"self":[{"href":"https:\/\/dasty.com\/de\/wp-json\/wp\/v2\/product\/3235","targetHints":{"allow":["GET"]}}],"collection":[{"href":"https:\/\/dasty.com\/de\/wp-json\/wp\/v2\/product"}],"about":[{"href":"https:\/\/dasty.com\/de\/wp-json\/wp\/v2\/types\/product"}],"replies":[{"embeddable":true,"href":"https:\/\/dasty.com\/de\/wp-json\/wp\/v2\/comments?post=3235"}],"wp:featuredmedia":[{"embeddable":true,"href":"https:\/\/dasty.com\/de\/wp-json\/wp\/v2\/media\/2489"}],"wp:attachment":[{"href":"https:\/\/dasty.com\/de\/wp-json\/wp\/v2\/media?parent=3235"}],"wp:term":[{"taxonomy":"product_cat","embeddable":true,"href":"https:\/\/dasty.com\/de\/wp-json\/wp\/v2\/product_cat?post=3235"},{"taxonomy":"product_tag","embeddable":true,"href":"https:\/\/dasty.com\/de\/wp-json\/wp\/v2\/product_tag?post=3235"}],"curies":[{"name":"wp","href":"https:\/\/api.w.org\/{rel}","templated":true}]}}