{"id":3210,"date":"2021-12-09T11:00:24","date_gmt":"2021-12-09T11:00:24","guid":{"rendered":"https:\/\/www.dasty.com\/prodotto\/dasty-multipurpose-cleaner-ocean\/"},"modified":"2024-07-31T13:42:59","modified_gmt":"2024-07-31T13:42:59","slug":"dasty-multipurpose-cleaner-2","status":"publish","type":"product","link":"https:\/\/dasty.com\/de\/prodotto\/dasty-multipurpose-cleaner-2\/","title":{"rendered":"Dasty Gel MultiSurface Care | Ocean"},"content":{"rendered":"","protected":false},"excerpt":{"rendered":"<h4>Was ist es<\/h4>\n<p>DASTY GEL MULTISURFACE CARE enth\u00e4lt ein spezielles Poliermittel, das bei t\u00e4glicher Anwendung den urspr\u00fcnglichen Glanz Ihrer B\u00f6den wiederherstellt, alle Arten von Schmutz entfernt und f\u00fcr einen intensiven, frischen Duft sorgt. Ideal f\u00fcr alle Oberfl\u00e4chen und in 3 angenehmen Duftnoten erh\u00e4ltlich.<\/p>\n<h4>Wie zu verwenden<\/h4>\n<p>3 Verschlusskappen in 5 Litern Wasser verd\u00fcnnen. Nachsp\u00fclen ist nicht notwendig. [&#8230;]<\/p>\n<p><a class=\"btn btn-secondary understrap-read-more-link\" href=\"https:\/\/dasty.com\/de\/prodotto\/dasty-multipurpose-cleaner-2\/\">Weiterlesen&#8230;<\/a><\/p>\n","protected":false},"featured_media":7108,"comment_status":"open","ping_status":"closed","template":"","meta":[],"product_cat":[458],"product_tag":[],"class_list":["post-3210","product","type-product","status-publish","has-post-thumbnail","hentry","product_cat-alles-produkt"],"_links":{"self":[{"href":"https:\/\/dasty.com\/de\/wp-json\/wp\/v2\/product\/3210","targetHints":{"allow":["GET"]}}],"collection":[{"href":"https:\/\/dasty.com\/de\/wp-json\/wp\/v2\/product"}],"about":[{"href":"https:\/\/dasty.com\/de\/wp-json\/wp\/v2\/types\/product"}],"replies":[{"embeddable":true,"href":"https:\/\/dasty.com\/de\/wp-json\/wp\/v2\/comments?post=3210"}],"wp:featuredmedia":[{"embeddable":true,"href":"https:\/\/dasty.com\/de\/wp-json\/wp\/v2\/media\/7108"}],"wp:attachment":[{"href":"https:\/\/dasty.com\/de\/wp-json\/wp\/v2\/media?parent=3210"}],"wp:term":[{"taxonomy":"product_cat","embeddable":true,"href":"https:\/\/dasty.com\/de\/wp-json\/wp\/v2\/product_cat?post=3210"},{"taxonomy":"product_tag","embeddable":true,"href":"https:\/\/dasty.com\/de\/wp-json\/wp\/v2\/product_tag?post=3210"}],"curies":[{"name":"wp","href":"https:\/\/api.w.org\/{rel}","templated":true}]}}