{"id":3187,"date":"2022-03-09T09:28:17","date_gmt":"2022-03-09T09:28:17","guid":{"rendered":"https:\/\/www.dasty.com\/prodotto\/dasty-dishwashing-degreaser\/"},"modified":"2024-07-31T13:06:02","modified_gmt":"2024-07-31T13:06:02","slug":"dasty-dishwashing-degreaser","status":"publish","type":"product","link":"https:\/\/dasty.com\/de\/prodotto\/dasty-dishwashing-degreaser\/","title":{"rendered":"Dasty Dishwashing Degreaser"},"content":{"rendered":"","protected":false},"excerpt":{"rendered":"<h4>Was ist es<\/h4>\n<p>DASTY DISHWASHING DEGREASER ist kraftvoll gegen alle Arten von Schmutz, aber sanft f\u00fcr die H\u00e4nde. Seine hochkonzentrierte, stark fettl\u00f6sende Formel bildet einen cremigen und bleibenden Schaum. Durch seine effektive Sp\u00fclwirkung ist es auch zum Autowaschen geeignet.<\/p>\n<h4>Wie zu verwenden<\/h4>\n<p>Sp\u00fcle mit sehr hei\u00dfem Wasser (45\u00b0C) f\u00fcllen und 3 ml des Mittels (1 TL) hineingeben. Geschirr eintauchen und einige Augenblicke einwirken lassen. [&#8230;]<\/p>\n<p><a class=\"btn btn-secondary understrap-read-more-link\" href=\"https:\/\/dasty.com\/de\/prodotto\/dasty-dishwashing-degreaser\/\">Weiterlesen&#8230;<\/a><\/p>\n","protected":false},"featured_media":7028,"comment_status":"open","ping_status":"closed","template":"","meta":[],"product_cat":[458,462,470],"product_tag":[],"class_list":["post-3187","product","type-product","status-publish","has-post-thumbnail","hentry","product_cat-alles-produkt","product_cat-innenraumpflege","product_cat-diy"],"_links":{"self":[{"href":"https:\/\/dasty.com\/de\/wp-json\/wp\/v2\/product\/3187","targetHints":{"allow":["GET"]}}],"collection":[{"href":"https:\/\/dasty.com\/de\/wp-json\/wp\/v2\/product"}],"about":[{"href":"https:\/\/dasty.com\/de\/wp-json\/wp\/v2\/types\/product"}],"replies":[{"embeddable":true,"href":"https:\/\/dasty.com\/de\/wp-json\/wp\/v2\/comments?post=3187"}],"wp:featuredmedia":[{"embeddable":true,"href":"https:\/\/dasty.com\/de\/wp-json\/wp\/v2\/media\/7028"}],"wp:attachment":[{"href":"https:\/\/dasty.com\/de\/wp-json\/wp\/v2\/media?parent=3187"}],"wp:term":[{"taxonomy":"product_cat","embeddable":true,"href":"https:\/\/dasty.com\/de\/wp-json\/wp\/v2\/product_cat?post=3187"},{"taxonomy":"product_tag","embeddable":true,"href":"https:\/\/dasty.com\/de\/wp-json\/wp\/v2\/product_tag?post=3187"}],"curies":[{"name":"wp","href":"https:\/\/api.w.org\/{rel}","templated":true}]}}