{"id":3168,"date":"2022-03-09T09:37:01","date_gmt":"2022-03-09T09:37:01","guid":{"rendered":"https:\/\/www.dasty.com\/prodotto\/dasty-super-cleaner-walls-tiles\/"},"modified":"2026-04-17T10:39:39","modified_gmt":"2026-04-17T10:39:39","slug":"dasty-walls-grout-stain-remover","status":"publish","type":"product","link":"https:\/\/dasty.com\/de\/prodotto\/dasty-walls-grout-stain-remover\/","title":{"rendered":"Dasty Walls &#038; Grout | Stain Remover"},"content":{"rendered":"","protected":false},"excerpt":{"rendered":"<h4>Was ist es<\/h4>\n<p>DASTY FLECKENENTFERNER W\u00c4NDE UND FUGEN bleicht Flecken von W\u00e4nden, Decken, Fliesenfugen, Silikonfugen zwischen Badewanne und Wand sowie in der Duschkabine. Dank seiner effektiven Reinigungswirkung ist er ideal f\u00fcr Bereiche wie K\u00fcchen, Badezimmer, Duschen, Keller, Garagen, Heizungsr\u00e4ume, Waschk\u00fcchen und Au\u00dfenfl\u00e4chen.<\/p>\n<h4>Wie zu verwenden<\/h4>\n<p>Mittel aus einem Abstand von 3-5 cm auf die zu behandelnde Oberfl\u00e4che aufspr\u00fchen. 10 bis 30 Minuten einwirken lassen, je nach Grad der zu entfernenden Verschmutzung, mit einem Schwamm oder einer B\u00fcrste schrubben, dann mit Wasser absp\u00fclen. Bei stark verschmutzten Oberfl\u00e4chen den Vorgang nach 10 Minuten wiederholen.<\/p>\n<p><a href=\"https:\/\/www.youtube.com\/shorts\/1CXxAW4UzR0?feature=share\"><strong>TUTORIALS ANSEHEN<\/strong><\/a> [&#8230;]<\/p>\n<p><a class=\"btn btn-secondary understrap-read-more-link\" href=\"https:\/\/dasty.com\/de\/prodotto\/dasty-walls-grout-stain-remover\/\">Weiterlesen&#8230;<\/a><\/p>\n","protected":false},"featured_media":24454,"comment_status":"open","ping_status":"closed","template":"","meta":[],"product_cat":[458,462,466,470],"product_tag":[],"class_list":["post-3168","product","type-product","status-publish","has-post-thumbnail","hentry","product_cat-alles-produkt","product_cat-innenraumpflege","product_cat-pflege-der-aussenbereiche","product_cat-diy"],"_links":{"self":[{"href":"https:\/\/dasty.com\/de\/wp-json\/wp\/v2\/product\/3168","targetHints":{"allow":["GET"]}}],"collection":[{"href":"https:\/\/dasty.com\/de\/wp-json\/wp\/v2\/product"}],"about":[{"href":"https:\/\/dasty.com\/de\/wp-json\/wp\/v2\/types\/product"}],"replies":[{"embeddable":true,"href":"https:\/\/dasty.com\/de\/wp-json\/wp\/v2\/comments?post=3168"}],"wp:featuredmedia":[{"embeddable":true,"href":"https:\/\/dasty.com\/de\/wp-json\/wp\/v2\/media\/24454"}],"wp:attachment":[{"href":"https:\/\/dasty.com\/de\/wp-json\/wp\/v2\/media?parent=3168"}],"wp:term":[{"taxonomy":"product_cat","embeddable":true,"href":"https:\/\/dasty.com\/de\/wp-json\/wp\/v2\/product_cat?post=3168"},{"taxonomy":"product_tag","embeddable":true,"href":"https:\/\/dasty.com\/de\/wp-json\/wp\/v2\/product_tag?post=3168"}],"curies":[{"name":"wp","href":"https:\/\/api.w.org\/{rel}","templated":true}]}}