{"id":3157,"date":"2022-03-09T13:55:51","date_gmt":"2022-03-09T13:55:51","guid":{"rendered":"https:\/\/www.dasty.com\/prodotto\/dasty-deep-hygiene-kitchen-bathroom\/"},"modified":"2026-04-03T08:34:29","modified_gmt":"2026-04-03T08:34:29","slug":"dasty-kueche-bad-tiefenreinigung","status":"publish","type":"product","link":"https:\/\/dasty.com\/de\/prodotto\/dasty-kueche-bad-tiefenreinigung\/","title":{"rendered":"Dasty Kitchen &#038; Bathroom with Bleach"},"content":{"rendered":"","protected":false},"excerpt":{"rendered":"<h4>Was ist es<\/h4>\n<p>DASTY K\u00dcCHE &amp; BAD MIT BLEICHMITTEL ist ein konzentriertes Reinigungsmittel f\u00fcr K\u00fcche und Bad, das eine gr\u00fcndliche Reinigung von harten Oberfl\u00e4chen gew\u00e4hrleistet. Mit seiner Formel, die die Wirksamkeit des Bleichmittels verst\u00e4rkt, ist es ideal zum Reinigen von Sp\u00fclbecken, K\u00fchlschr\u00e4nken, Fliesen, Badewannen, Sanit\u00e4rkeramik, Duschkabinen, Gartenm\u00f6beln und Abfallbeh\u00e4ltern.<\/p>\n<h4>Wie zu verwenden<\/h4>\n<p>Reinigungsmittel aus ca. 20 cm Entfernung auf die zu reinigende Oberfl\u00e4che spr\u00fchen und mit einem feuchten Tuch oder Schwamm abwischen. Bei hartn\u00e4ckigem Schmutz oder anhaltendem unangenehmen Geruch einige Minuten einwirken lassen. [&#8230;]<\/p>\n<p><a class=\"btn btn-secondary understrap-read-more-link\" href=\"https:\/\/dasty.com\/de\/prodotto\/dasty-kueche-bad-tiefenreinigung\/\">Weiterlesen&#8230;<\/a><\/p>\n","protected":false},"featured_media":24526,"comment_status":"open","ping_status":"closed","template":"","meta":[],"product_cat":[458,462,466],"product_tag":[],"class_list":["post-3157","product","type-product","status-publish","has-post-thumbnail","hentry","product_cat-alles-produkt","product_cat-innenraumpflege","product_cat-pflege-der-aussenbereiche"],"_links":{"self":[{"href":"https:\/\/dasty.com\/de\/wp-json\/wp\/v2\/product\/3157","targetHints":{"allow":["GET"]}}],"collection":[{"href":"https:\/\/dasty.com\/de\/wp-json\/wp\/v2\/product"}],"about":[{"href":"https:\/\/dasty.com\/de\/wp-json\/wp\/v2\/types\/product"}],"replies":[{"embeddable":true,"href":"https:\/\/dasty.com\/de\/wp-json\/wp\/v2\/comments?post=3157"}],"wp:featuredmedia":[{"embeddable":true,"href":"https:\/\/dasty.com\/de\/wp-json\/wp\/v2\/media\/24526"}],"wp:attachment":[{"href":"https:\/\/dasty.com\/de\/wp-json\/wp\/v2\/media?parent=3157"}],"wp:term":[{"taxonomy":"product_cat","embeddable":true,"href":"https:\/\/dasty.com\/de\/wp-json\/wp\/v2\/product_cat?post=3157"},{"taxonomy":"product_tag","embeddable":true,"href":"https:\/\/dasty.com\/de\/wp-json\/wp\/v2\/product_tag?post=3157"}],"curies":[{"name":"wp","href":"https:\/\/api.w.org\/{rel}","templated":true}]}}