{"id":2939,"date":"2022-03-09T16:08:04","date_gmt":"2022-03-09T16:08:04","guid":{"rendered":"https:\/\/www.dasty.com\/prodotto\/dasty-gel-wood-laminate-care\/"},"modified":"2024-07-31T13:40:34","modified_gmt":"2024-07-31T13:40:34","slug":"dasty-gel-wood-laminate-care-2","status":"publish","type":"product","link":"https:\/\/dasty.com\/de\/prodotto\/dasty-gel-wood-laminate-care-2\/","title":{"rendered":"Dasty Wood &#038; Laminate Care"},"content":{"rendered":"","protected":false},"excerpt":{"rendered":"<h4>Was ist es<\/h4>\n<p>DASTY WOOD &amp; LAMINATE CARE ist ein mildes Gel, angereichert mit einem s\u00fc\u00dfen und angenehmen Duft, eigens zur Reinigung von Holzb\u00f6den, sowohl Massiv- als auch Laminatb\u00f6den. In verd\u00fcnnter Form sorgt es f\u00fcr eine gr\u00fcndliche Reinigung, wobei der urspr\u00fcngliche Glanz des Holzes erhalten bleibt. Ideal auch zur Reinigung von T\u00fcren, Rahmen, Fensterl\u00e4den, Treppen und Holzsockelleisten.<\/p>\n<h4>Wie zu verwenden<\/h4>\n<p>3 Verschlusskappen in 5 Litern Wasser geben. Mit einem Tuch auf die Oberfl\u00e4che auftragen. Absp\u00fclen ist nicht notwendig. Nicht pur verwenden. [&#8230;]<\/p>\n<p><a class=\"btn btn-secondary understrap-read-more-link\" href=\"https:\/\/dasty.com\/de\/prodotto\/dasty-gel-wood-laminate-care-2\/\">Weiterlesen&#8230;<\/a><\/p>\n","protected":false},"featured_media":7004,"comment_status":"open","ping_status":"closed","template":"","meta":[],"product_cat":[458,462],"product_tag":[],"class_list":["post-2939","product","type-product","status-publish","has-post-thumbnail","hentry","product_cat-alles-produkt","product_cat-innenraumpflege"],"_links":{"self":[{"href":"https:\/\/dasty.com\/de\/wp-json\/wp\/v2\/product\/2939","targetHints":{"allow":["GET"]}}],"collection":[{"href":"https:\/\/dasty.com\/de\/wp-json\/wp\/v2\/product"}],"about":[{"href":"https:\/\/dasty.com\/de\/wp-json\/wp\/v2\/types\/product"}],"replies":[{"embeddable":true,"href":"https:\/\/dasty.com\/de\/wp-json\/wp\/v2\/comments?post=2939"}],"wp:featuredmedia":[{"embeddable":true,"href":"https:\/\/dasty.com\/de\/wp-json\/wp\/v2\/media\/7004"}],"wp:attachment":[{"href":"https:\/\/dasty.com\/de\/wp-json\/wp\/v2\/media?parent=2939"}],"wp:term":[{"taxonomy":"product_cat","embeddable":true,"href":"https:\/\/dasty.com\/de\/wp-json\/wp\/v2\/product_cat?post=2939"},{"taxonomy":"product_tag","embeddable":true,"href":"https:\/\/dasty.com\/de\/wp-json\/wp\/v2\/product_tag?post=2939"}],"curies":[{"name":"wp","href":"https:\/\/api.w.org\/{rel}","templated":true}]}}