{"id":2901,"date":"2022-03-09T16:40:11","date_gmt":"2022-03-09T16:40:11","guid":{"rendered":"https:\/\/www.dasty.com\/prodotto\/dasty-gel-toilet-care-ocean\/"},"modified":"2024-07-31T13:39:18","modified_gmt":"2024-07-31T13:39:18","slug":"dasty-gel-toilet-care-ocean-2","status":"publish","type":"product","link":"https:\/\/dasty.com\/de\/prodotto\/dasty-gel-toilet-care-ocean-2\/","title":{"rendered":"Dasty Gel Toilet Care | Ocean"},"content":{"rendered":"","protected":false},"excerpt":{"rendered":"<h4>Was ist es<\/h4>\n<p>DASTY GEL TOILET CARE verbreitet einen intensiven und lang anhaltenden Duft im gesamten Raum und sorgt f\u00fcr eine gr\u00fcndliche Reinigung der Toilette. Bei t\u00e4glicher Anwendung wird der sich bei jedem Sp\u00fclgang absetzende Kalkstein entfernt und die Toilette bis unter den Rand desinfiziert. Erh\u00e4ltlich in 3 intensiven Duftnoten.<\/p>\n<h4>Wie zu verwenden<\/h4>\n<p>Verschlusskappe an den angegebenen Stellen zusammendr\u00fccken und abschrauben. Dasty Gel Toilet Care gro\u00dfz\u00fcgig unter den Rand und auf die Seitenw\u00e4nde in der WC-Sch\u00fcssel gie\u00dfen. F\u00fcr eine optimale Reinigung und einen angenehmen Duft im ganzen Raum nicht durchsp\u00fclen. [&#8230;]<\/p>\n<p><a class=\"btn btn-secondary understrap-read-more-link\" href=\"https:\/\/dasty.com\/de\/prodotto\/dasty-gel-toilet-care-ocean-2\/\">Weiterlesen&#8230;<\/a><\/p>\n","protected":false},"featured_media":9524,"comment_status":"open","ping_status":"closed","template":"","meta":[],"product_cat":[458,462],"product_tag":[],"class_list":["post-2901","product","type-product","status-publish","has-post-thumbnail","hentry","product_cat-alles-produkt","product_cat-innenraumpflege"],"_links":{"self":[{"href":"https:\/\/dasty.com\/de\/wp-json\/wp\/v2\/product\/2901","targetHints":{"allow":["GET"]}}],"collection":[{"href":"https:\/\/dasty.com\/de\/wp-json\/wp\/v2\/product"}],"about":[{"href":"https:\/\/dasty.com\/de\/wp-json\/wp\/v2\/types\/product"}],"replies":[{"embeddable":true,"href":"https:\/\/dasty.com\/de\/wp-json\/wp\/v2\/comments?post=2901"}],"wp:featuredmedia":[{"embeddable":true,"href":"https:\/\/dasty.com\/de\/wp-json\/wp\/v2\/media\/9524"}],"wp:attachment":[{"href":"https:\/\/dasty.com\/de\/wp-json\/wp\/v2\/media?parent=2901"}],"wp:term":[{"taxonomy":"product_cat","embeddable":true,"href":"https:\/\/dasty.com\/de\/wp-json\/wp\/v2\/product_cat?post=2901"},{"taxonomy":"product_tag","embeddable":true,"href":"https:\/\/dasty.com\/de\/wp-json\/wp\/v2\/product_tag?post=2901"}],"curies":[{"name":"wp","href":"https:\/\/api.w.org\/{rel}","templated":true}]}}