{"id":2896,"date":"2022-03-09T16:40:54","date_gmt":"2022-03-09T16:40:54","guid":{"rendered":"https:\/\/www.dasty.com\/prodotto\/dasty-gel-toilet-care-lime\/"},"modified":"2022-07-06T18:12:59","modified_gmt":"2022-07-06T18:12:59","slug":"dasty-gel-toilet-care-lime-2","status":"publish","type":"product","link":"https:\/\/dasty.com\/de\/prodotto\/dasty-gel-toilet-care-lime-2\/","title":{"rendered":"Dasty Gel Toilet Care | Lime"},"content":{"rendered":"","protected":false},"excerpt":{"rendered":"<h4>Was ist es<\/h4>\n<p>DASTY GEL TOILET CARE verstr\u00f6mt einen intensiven und anhaltenden Duft in der gesamten Umgebung und reinigt das WC gr\u00fcndlich. Bei t\u00e4glicher Anwendung entfernt es den Kalk, der sich bei jedem Sp\u00fclgang absetzt, und desinfiziert die Toilette auch bis unter den Rand. Erh\u00e4ltlich in 3 intensiven D\u00fcften.<br \/>\nDasty Gel Toilet Care: eine echte Kosmetik f\u00fcr Ihr Zuhause.<\/p>\n<h4>Wie zu verwenden<\/h4>\n<p>Die Kappe an den angegebenen Stellen auf den Seiten dr\u00fccken und die Kappe abschrauben. Dasty Gel Toilet Care gro\u00dfz\u00fcgig unter den Rand und auf die Toilettenw\u00e4nde gie\u00dfen. F\u00fcr eine optimale Reinigung und einen angenehmen Duft im gesamten Badezimmer das Produkt nicht aussp\u00fclen. [&#8230;]<\/p>\n<p><a class=\"btn btn-secondary understrap-read-more-link\" href=\"https:\/\/dasty.com\/de\/prodotto\/dasty-gel-toilet-care-lime-2\/\">Weiterlesen&#8230;<\/a><\/p>\n","protected":false},"featured_media":2566,"comment_status":"open","ping_status":"closed","template":"","meta":[],"product_cat":[458,462],"product_tag":[],"class_list":["post-2896","product","type-product","status-publish","has-post-thumbnail","hentry","product_cat-alles-produkt","product_cat-innenraumpflege"],"_links":{"self":[{"href":"https:\/\/dasty.com\/de\/wp-json\/wp\/v2\/product\/2896","targetHints":{"allow":["GET"]}}],"collection":[{"href":"https:\/\/dasty.com\/de\/wp-json\/wp\/v2\/product"}],"about":[{"href":"https:\/\/dasty.com\/de\/wp-json\/wp\/v2\/types\/product"}],"replies":[{"embeddable":true,"href":"https:\/\/dasty.com\/de\/wp-json\/wp\/v2\/comments?post=2896"}],"wp:featuredmedia":[{"embeddable":true,"href":"https:\/\/dasty.com\/de\/wp-json\/wp\/v2\/media\/2566"}],"wp:attachment":[{"href":"https:\/\/dasty.com\/de\/wp-json\/wp\/v2\/media?parent=2896"}],"wp:term":[{"taxonomy":"product_cat","embeddable":true,"href":"https:\/\/dasty.com\/de\/wp-json\/wp\/v2\/product_cat?post=2896"},{"taxonomy":"product_tag","embeddable":true,"href":"https:\/\/dasty.com\/de\/wp-json\/wp\/v2\/product_tag?post=2896"}],"curies":[{"name":"wp","href":"https:\/\/api.w.org\/{rel}","templated":true}]}}