{"id":2891,"date":"2022-03-10T09:05:28","date_gmt":"2022-03-10T09:05:28","guid":{"rendered":"https:\/\/www.dasty.com\/prodotto\/dasty-gel-toilet-care-with-bleach\/"},"modified":"2026-04-03T12:32:05","modified_gmt":"2026-04-03T12:32:05","slug":"dasty-gel-toilet-care-with-bleach-2","status":"publish","type":"product","link":"https:\/\/dasty.com\/de\/prodotto\/dasty-gel-toilet-care-with-bleach-2\/","title":{"rendered":"Dasty Gel Toilet Care | with Bleach"},"content":{"rendered":"","protected":false},"excerpt":{"rendered":"<h4>Was ist es<\/h4>\n<p>DASTY GEL TOILET CARE WITH BLEACH sorgt f\u00fcr eine gr\u00fcndliche Reinigung dank der .Wirkung des Bleichmittels und l\u00e4sst die WC-Sch\u00fcssel wei\u00df strahlen und gl\u00e4nzen. Nicht nur ideal f\u00fcr die WC-Sch\u00fcssel, sondern auch f\u00fcr alle Badarmaturen und Fliesenfugen.<\/p>\n<h4>Wie zu verwenden<\/h4>\n<p>Verschlusskappe an den angegebenen Stellen zusammendr\u00fccken und abschrauben. WC-SCH\u00dcSSEL: unter den Rand und auf die Seitenw\u00e4nde in der WC-Sch\u00fcssel gie\u00dfen. Mind. 30 Minuten einwirken lassen, dann durchsp\u00fclen. F\u00dcR SANIT\u00c4RFL\u00c4CHEN UND ANDERE OBERFL\u00c4CHEN: Mittel direkt auf die Oberfl\u00e4che gie\u00dfen, mit einem Schwamm abwischen und mit reichlich Wasser absp\u00fclen. [&#8230;]<\/p>\n<p><a class=\"btn btn-secondary understrap-read-more-link\" href=\"https:\/\/dasty.com\/de\/prodotto\/dasty-gel-toilet-care-with-bleach-2\/\">Weiterlesen&#8230;<\/a><\/p>\n","protected":false},"featured_media":24632,"comment_status":"open","ping_status":"closed","template":"","meta":[],"product_cat":[458,462],"product_tag":[],"class_list":["post-2891","product","type-product","status-publish","has-post-thumbnail","hentry","product_cat-alles-produkt","product_cat-innenraumpflege"],"_links":{"self":[{"href":"https:\/\/dasty.com\/de\/wp-json\/wp\/v2\/product\/2891","targetHints":{"allow":["GET"]}}],"collection":[{"href":"https:\/\/dasty.com\/de\/wp-json\/wp\/v2\/product"}],"about":[{"href":"https:\/\/dasty.com\/de\/wp-json\/wp\/v2\/types\/product"}],"replies":[{"embeddable":true,"href":"https:\/\/dasty.com\/de\/wp-json\/wp\/v2\/comments?post=2891"}],"wp:featuredmedia":[{"embeddable":true,"href":"https:\/\/dasty.com\/de\/wp-json\/wp\/v2\/media\/24632"}],"wp:attachment":[{"href":"https:\/\/dasty.com\/de\/wp-json\/wp\/v2\/media?parent=2891"}],"wp:term":[{"taxonomy":"product_cat","embeddable":true,"href":"https:\/\/dasty.com\/de\/wp-json\/wp\/v2\/product_cat?post=2891"},{"taxonomy":"product_tag","embeddable":true,"href":"https:\/\/dasty.com\/de\/wp-json\/wp\/v2\/product_tag?post=2891"}],"curies":[{"name":"wp","href":"https:\/\/api.w.org\/{rel}","templated":true}]}}