{"id":2882,"date":"2022-03-10T09:21:34","date_gmt":"2022-03-10T09:21:34","guid":{"rendered":"https:\/\/www.dasty.com\/prodotto\/dasty-gel-toilet-care-powerful-descaling\/"},"modified":"2026-03-24T08:45:54","modified_gmt":"2026-03-24T08:45:54","slug":"dasty-gel-toilet-care-powerful-descaling-2","status":"publish","type":"product","link":"https:\/\/dasty.com\/de\/prodotto\/dasty-gel-toilet-care-powerful-descaling-2\/","title":{"rendered":"Dasty Gel Toilet Care | Powerful Descaling"},"content":{"rendered":"","protected":false},"excerpt":{"rendered":"<h4>Was ist es<\/h4>\n<p>DASTY GEL WC-REINIGER \u2013 KRAFTVOLLE ENTKALKUNG entfernt 100 % der Kalkablagerungen und sorgt f\u00fcr strahlende Sauberkeit und gl\u00e4nzenden Frischeglanz in Ihrer Toilette. Die extra kraftvolle Gelformel haftet optimal und wirkt selbst unterhalb des Wasserspiegels.<\/p>\n<h4>Wie zu verwenden<\/h4>\n<p>Ausschlie\u00dflich zur Verwendung im WC. Verschlusskappe an den angegebenen Stellen zusammendr\u00fccken und abschrauben. Mittel gro\u00dfz\u00fcgig unter den Rand und auf die Seitenw\u00e4nde in der WC-Sch\u00fcssel gie\u00dfen, mind. eine Stunde einwirken lassen. [&#8230;]<\/p>\n<p><a class=\"btn btn-secondary understrap-read-more-link\" href=\"https:\/\/dasty.com\/de\/prodotto\/dasty-gel-toilet-care-powerful-descaling-2\/\">Weiterlesen&#8230;<\/a><\/p>\n","protected":false},"featured_media":6972,"comment_status":"open","ping_status":"closed","template":"","meta":[],"product_cat":[458,462],"product_tag":[],"class_list":["post-2882","product","type-product","status-publish","has-post-thumbnail","hentry","product_cat-alles-produkt","product_cat-innenraumpflege"],"_links":{"self":[{"href":"https:\/\/dasty.com\/de\/wp-json\/wp\/v2\/product\/2882","targetHints":{"allow":["GET"]}}],"collection":[{"href":"https:\/\/dasty.com\/de\/wp-json\/wp\/v2\/product"}],"about":[{"href":"https:\/\/dasty.com\/de\/wp-json\/wp\/v2\/types\/product"}],"replies":[{"embeddable":true,"href":"https:\/\/dasty.com\/de\/wp-json\/wp\/v2\/comments?post=2882"}],"wp:featuredmedia":[{"embeddable":true,"href":"https:\/\/dasty.com\/de\/wp-json\/wp\/v2\/media\/6972"}],"wp:attachment":[{"href":"https:\/\/dasty.com\/de\/wp-json\/wp\/v2\/media?parent=2882"}],"wp:term":[{"taxonomy":"product_cat","embeddable":true,"href":"https:\/\/dasty.com\/de\/wp-json\/wp\/v2\/product_cat?post=2882"},{"taxonomy":"product_tag","embeddable":true,"href":"https:\/\/dasty.com\/de\/wp-json\/wp\/v2\/product_tag?post=2882"}],"curies":[{"name":"wp","href":"https:\/\/api.w.org\/{rel}","templated":true}]}}