{"id":2873,"date":"2022-03-10T09:25:30","date_gmt":"2022-03-10T09:25:30","guid":{"rendered":"https:\/\/www.dasty.com\/prodotto\/dasty-dishwasher-care\/"},"modified":"2024-10-05T09:52:49","modified_gmt":"2024-10-05T09:52:49","slug":"dasty-dishwasher-care","status":"publish","type":"product","link":"https:\/\/dasty.com\/de\/prodotto\/dasty-dishwasher-care\/","title":{"rendered":"Dasty Dish &#038; Washing Machine Cleaner"},"content":{"rendered":"","protected":false},"excerpt":{"rendered":"<h4>Was ist es<\/h4>\n<p>1. Entfernt Schmutz und R\u00fcckst\u00e4nde im Inneren der Maschine<br \/>\n2. Beseitigt schlechte Ger\u00fcche und verbreitet einen angenehmen Duft<br \/>\n3. Sch\u00fctzt vor Sch\u00e4den an mechanischen und hydraulischen Teilen<br \/>\nVERWENDEN SIE ES 1 MAL IM MONAT<\/p>\n<h4>Wie zu verwenden<\/h4>\n<p>SP\u00dcLMASCHINENREINIGER: Der Vorgang muss bei leerer Sp\u00fclmaschine durchgef\u00fchrt werden. Einfach den kleinen Aufkleber oben auf der Kappe abziehen, ohne sie abzuschrauben. Setzen Sie die Flasche verkehrt herum ein und starten Sie einen Waschgang mit hoher Temperatur.<br \/>\nWASCHMASCHINENREINIGER: Entleeren Sie die Waschmaschine. Geben Sie einige Tropfen des Produkts auf einen Schwamm und waschen Sie den Waschmittelbeh\u00e4lter und eventuelle Schmutzreste von der Trommeldichtung und der T\u00fcr manuell ab. F\u00fcllen Sie den Rest in den Waschmittelbeh\u00e4lter und f\u00fchren Sie einen Leerwaschgang bei 60\u00b0 durch.<\/p>\n<p><a href=\"https:\/\/www.youtube.com\/shorts\/McBhlxrrDls\"><strong>TUTORIALS ANSEHEN<\/strong><\/a> [&#8230;]<\/p>\n<p><a class=\"btn btn-secondary understrap-read-more-link\" href=\"https:\/\/dasty.com\/de\/prodotto\/dasty-dishwasher-care\/\">Weiterlesen&#8230;<\/a><\/p>\n","protected":false},"featured_media":9048,"comment_status":"open","ping_status":"closed","template":"","meta":[],"product_cat":[458,462],"product_tag":[],"class_list":["post-2873","product","type-product","status-publish","has-post-thumbnail","hentry","product_cat-alles-produkt","product_cat-innenraumpflege"],"_links":{"self":[{"href":"https:\/\/dasty.com\/de\/wp-json\/wp\/v2\/product\/2873","targetHints":{"allow":["GET"]}}],"collection":[{"href":"https:\/\/dasty.com\/de\/wp-json\/wp\/v2\/product"}],"about":[{"href":"https:\/\/dasty.com\/de\/wp-json\/wp\/v2\/types\/product"}],"replies":[{"embeddable":true,"href":"https:\/\/dasty.com\/de\/wp-json\/wp\/v2\/comments?post=2873"}],"wp:featuredmedia":[{"embeddable":true,"href":"https:\/\/dasty.com\/de\/wp-json\/wp\/v2\/media\/9048"}],"wp:attachment":[{"href":"https:\/\/dasty.com\/de\/wp-json\/wp\/v2\/media?parent=2873"}],"wp:term":[{"taxonomy":"product_cat","embeddable":true,"href":"https:\/\/dasty.com\/de\/wp-json\/wp\/v2\/product_cat?post=2873"},{"taxonomy":"product_tag","embeddable":true,"href":"https:\/\/dasty.com\/de\/wp-json\/wp\/v2\/product_tag?post=2873"}],"curies":[{"name":"wp","href":"https:\/\/api.w.org\/{rel}","templated":true}]}}