{"id":2858,"date":"2022-03-28T09:43:20","date_gmt":"2022-03-28T09:43:20","guid":{"rendered":"https:\/\/www.dasty.com\/prodotto\/dasty-spot-remover-greasy-coloured-stains\/"},"modified":"2026-03-26T15:33:21","modified_gmt":"2026-03-26T15:33:21","slug":"dasty-spot-remover-greasy-coloured-stains","status":"publish","type":"product","link":"https:\/\/dasty.com\/de\/prodotto\/dasty-spot-remover-greasy-coloured-stains\/","title":{"rendered":"Dasty Stain Remover"},"content":{"rendered":"","protected":false},"excerpt":{"rendered":"<h4>Was ist es<\/h4>\n<p>DASTY FLECKENENTFERNER DEGREASING ACTION ist die ideale Vorbehandlung f\u00fcr hartn\u00e4ckige Flecken. Es eignet sich f\u00fcr fettige Flecken (Milch, Butter, \u00d6l, Frittieren, Schokolade, Lippenstift) und farbige Flecken (Filzstifte, Kugelschreiber etc.) und ist unschlagbar bei Schmutz, der sich auf Kragen, Manschetten und Socken absetzt. Es wirkt auch bei trockenen Flecken.<\/p>\n<p>DASTY FLECKENENTFERNER ACTIVE OXYGEN ist ideal zur Beseitigung von Schwei\u00df- und\/oder Deoflecken, Wein, Kaffee, Tee, Obst, Rost, So\u00dfen, Blut, Urin und F\u00e4kalien. Es enth\u00e4lt kein Chlor und garantiert daher eine sichere Reinigung, bei der alle Farben und Stoffe geschont werden.<\/p>\n<p>DASTY FLECKENENTFERNER MIT ENZYMEN entfernt effektiv alle enzymatischen Flecken vor dem Waschen, da es in sie eindringt und sie zerst\u00f6rt und sie vom Stoff l\u00f6st. Ideal zum Entfernen von Blut-, Eier-, Milch-, Schokoladen- und Grasflecken; schont Stoffe, da es das Waschen bei niedrigen Temperaturen erm\u00f6glicht.<\/p>\n<h4>Wie zu verwenden<\/h4>\n<p>Mittel vor dem Waschen direkt auf die Flecken aufspr\u00fchen. Eine Minute einwirken lassen (nicht trocknen lassen), nicht aussp\u00fclen und mit Ihrem \u00fcblichen Waschmittel bei mittlerer bis hoher Temperatur in der Waschmaschine oder von Hand in hei\u00dfem Wasser waschen. Bei besonders hartn\u00e4ckigen Flecken den Stoff reiben. [&#8230;]<\/p>\n<p><a class=\"btn btn-secondary understrap-read-more-link\" href=\"https:\/\/dasty.com\/de\/prodotto\/dasty-spot-remover-greasy-coloured-stains\/\">Weiterlesen&#8230;<\/a><\/p>\n","protected":false},"featured_media":9609,"comment_status":"open","ping_status":"closed","template":"","meta":[],"product_cat":[458,474],"product_tag":[],"class_list":["post-2858","product","type-product","status-publish","has-post-thumbnail","hentry","product_cat-alles-produkt","product_cat-pflege-der-waesche"],"_links":{"self":[{"href":"https:\/\/dasty.com\/de\/wp-json\/wp\/v2\/product\/2858","targetHints":{"allow":["GET"]}}],"collection":[{"href":"https:\/\/dasty.com\/de\/wp-json\/wp\/v2\/product"}],"about":[{"href":"https:\/\/dasty.com\/de\/wp-json\/wp\/v2\/types\/product"}],"replies":[{"embeddable":true,"href":"https:\/\/dasty.com\/de\/wp-json\/wp\/v2\/comments?post=2858"}],"wp:featuredmedia":[{"embeddable":true,"href":"https:\/\/dasty.com\/de\/wp-json\/wp\/v2\/media\/9609"}],"wp:attachment":[{"href":"https:\/\/dasty.com\/de\/wp-json\/wp\/v2\/media?parent=2858"}],"wp:term":[{"taxonomy":"product_cat","embeddable":true,"href":"https:\/\/dasty.com\/de\/wp-json\/wp\/v2\/product_cat?post=2858"},{"taxonomy":"product_tag","embeddable":true,"href":"https:\/\/dasty.com\/de\/wp-json\/wp\/v2\/product_tag?post=2858"}],"curies":[{"name":"wp","href":"https:\/\/api.w.org\/{rel}","templated":true}]}}