{"id":2743,"date":"2022-03-28T12:15:55","date_gmt":"2022-03-28T12:15:55","guid":{"rendered":"https:\/\/www.dasty.com\/prodotto\/dasty-spot-remover-bio-stains\/"},"modified":"2024-07-31T12:39:03","modified_gmt":"2024-07-31T12:39:03","slug":"dasty-spot-remover-bio-stains","status":"publish","type":"product","link":"https:\/\/dasty.com\/de\/prodotto\/dasty-spot-remover-bio-stains\/","title":{"rendered":"Dasty Stain Remover | mit Enzymen"},"content":{"rendered":"","protected":false},"excerpt":{"rendered":"<h4>Was ist es<\/h4>\n<p>DASTY FLECKENENTFERNER MIT ENZYMEN entfernt effektiv alle enzymatischen Flecken vor dem Waschen, da es in sie eindringt und sie zerst\u00f6rt und sie vom Stoff l\u00f6st. Ideal zum Entfernen von Blut-, Eier-, Milch-, Schokoladen- und Grasflecken; schont Stoffe, da es das Waschen bei niedrigen Temperaturen erm\u00f6glicht.<\/p>\n<h4>Wie zu verwenden<\/h4>\n<p>Vor dem Waschen das Produkt direkte auf die Flecken aufspr\u00fchen. Eine Minute einwirken lassen (ohne trocknen zu lassen), nicht aussp\u00fclen und mit dem \u00fcblichen Waschmittel in der Waschmaschine bei mittlerer bis hoher Temperatur oder von Hand in hei\u00dfem Wasser waschen. Bei besonders hartn\u00e4ckigen Flecken den Stoff etwas reiben. [&#8230;]<\/p>\n<p><a class=\"btn btn-secondary understrap-read-more-link\" href=\"https:\/\/dasty.com\/de\/prodotto\/dasty-spot-remover-bio-stains\/\">Weiterlesen&#8230;<\/a><\/p>\n","protected":false},"featured_media":6947,"comment_status":"open","ping_status":"closed","template":"","meta":[],"product_cat":[458,474],"product_tag":[],"class_list":["post-2743","product","type-product","status-publish","has-post-thumbnail","hentry","product_cat-alles-produkt","product_cat-pflege-der-waesche"],"_links":{"self":[{"href":"https:\/\/dasty.com\/de\/wp-json\/wp\/v2\/product\/2743","targetHints":{"allow":["GET"]}}],"collection":[{"href":"https:\/\/dasty.com\/de\/wp-json\/wp\/v2\/product"}],"about":[{"href":"https:\/\/dasty.com\/de\/wp-json\/wp\/v2\/types\/product"}],"replies":[{"embeddable":true,"href":"https:\/\/dasty.com\/de\/wp-json\/wp\/v2\/comments?post=2743"}],"wp:featuredmedia":[{"embeddable":true,"href":"https:\/\/dasty.com\/de\/wp-json\/wp\/v2\/media\/6947"}],"wp:attachment":[{"href":"https:\/\/dasty.com\/de\/wp-json\/wp\/v2\/media?parent=2743"}],"wp:term":[{"taxonomy":"product_cat","embeddable":true,"href":"https:\/\/dasty.com\/de\/wp-json\/wp\/v2\/product_cat?post=2743"},{"taxonomy":"product_tag","embeddable":true,"href":"https:\/\/dasty.com\/de\/wp-json\/wp\/v2\/product_tag?post=2743"}],"curies":[{"name":"wp","href":"https:\/\/api.w.org\/{rel}","templated":true}]}}