{"id":2738,"date":"2022-03-28T12:20:41","date_gmt":"2022-03-28T12:20:41","guid":{"rendered":"https:\/\/www.dasty.com\/prodotto\/dasty-spot-remover-stainodors\/"},"modified":"2024-10-05T09:57:35","modified_gmt":"2024-10-05T09:57:35","slug":"dasty-spot-remover-stainodors","status":"publish","type":"product","link":"https:\/\/dasty.com\/de\/prodotto\/dasty-spot-remover-stainodors\/","title":{"rendered":"Dasty Stain Remover | Active Oxygen"},"content":{"rendered":"","protected":false},"excerpt":{"rendered":"<h4>Was ist es<\/h4>\n<p>DASTY FLECKENENTFERNER ACTIVE OXYGEN beseitigt nicht nur Flecken, sondern auch unangenehme Ger\u00fcche, die durch Bakterien verursacht werden. Es enth\u00e4lt kein Chlor und garantiert daher eine sichere Reinigung, bei der alle Farben und Stoffe geschont werden. Es ist ideal zur Beseitigung von Schwei\u00df- und\/oder Deoflecken, Wein, Kaffee, Tee, Obst, Rost, So\u00dfen, Blut, Urin und F\u00e4kalien. Dasty Fleckenentferner Active Oxygen: eine wahre Kosmetik f\u00fcr Ihre W\u00e4sche.<\/p>\n<h4>Wie zu verwenden<\/h4>\n<p>Mittel vor dem Waschen direkt auf die Flecken aufspr\u00fchen. Eine Minute einwirken lassen (nicht trocknen lassen), nicht aussp\u00fclen und anschlie\u00dfend mit Ihrem \u00fcblichen Waschmittel bei mittelhoher Temperatur in der Waschmaschine oder von Hand in hei\u00dfem Wasser waschen.<\/p>\n<p><a href=\"https:\/\/www.youtube.com\/playlist?list=PLxcBoUFslG-3xOmzPVhS22Mdhjp76NUDn\"><strong>TUTORIALS ANSEHEN<\/strong><\/a> [&#8230;]<\/p>\n<p><a class=\"btn btn-secondary understrap-read-more-link\" href=\"https:\/\/dasty.com\/de\/prodotto\/dasty-spot-remover-stainodors\/\">Weiterlesen&#8230;<\/a><\/p>\n","protected":false},"featured_media":6904,"comment_status":"open","ping_status":"closed","template":"","meta":[],"product_cat":[458,474],"product_tag":[],"class_list":["post-2738","product","type-product","status-publish","has-post-thumbnail","hentry","product_cat-alles-produkt","product_cat-pflege-der-waesche"],"_links":{"self":[{"href":"https:\/\/dasty.com\/de\/wp-json\/wp\/v2\/product\/2738","targetHints":{"allow":["GET"]}}],"collection":[{"href":"https:\/\/dasty.com\/de\/wp-json\/wp\/v2\/product"}],"about":[{"href":"https:\/\/dasty.com\/de\/wp-json\/wp\/v2\/types\/product"}],"replies":[{"embeddable":true,"href":"https:\/\/dasty.com\/de\/wp-json\/wp\/v2\/comments?post=2738"}],"wp:featuredmedia":[{"embeddable":true,"href":"https:\/\/dasty.com\/de\/wp-json\/wp\/v2\/media\/6904"}],"wp:attachment":[{"href":"https:\/\/dasty.com\/de\/wp-json\/wp\/v2\/media?parent=2738"}],"wp:term":[{"taxonomy":"product_cat","embeddable":true,"href":"https:\/\/dasty.com\/de\/wp-json\/wp\/v2\/product_cat?post=2738"},{"taxonomy":"product_tag","embeddable":true,"href":"https:\/\/dasty.com\/de\/wp-json\/wp\/v2\/product_tag?post=2738"}],"curies":[{"name":"wp","href":"https:\/\/api.w.org\/{rel}","templated":true}]}}